{"id":588,"date":"2024-06-27T13:19:04","date_gmt":"2024-06-27T11:19:04","guid":{"rendered":"https:\/\/altosecura.proadax-dev.pl\/p\/asap-lock\/"},"modified":"2026-03-10T15:58:56","modified_gmt":"2026-03-10T14:58:56","slug":"asap-lock","status":"publish","type":"product","link":"https:\/\/altosekura.com\/pl\/p\/asap-lock\/","title":{"rendered":"ASAP LOCK"},"content":{"rendered":"<p>ASAP Lock to niezawodny przyrz\u0105d autoasekuracyjny uzupe\u0142niony o funkcj\u0119 umo\u017cliwiaj\u0105c\u0105 blokowanie go w dowolnej pozycji na linie. Podczas pracy przyrz\u0105d swobodnie porusza si\u0119 w g\u00f3r\u0119 i w d\u00f3\u0142 oraz automatycznie blokuje, gdy u\u017cytkownik zacznie spada\u0107. Rozszerzona wersja przyrz\u0105du do autoasekuracji pracownik\u00f3w wysoko\u015bciowych posiada dodatkow\u0105 funkcj\u0119, z kt\u00f3r\u0105 w prosty spos\u00f3b ASAP Lock zostaje unieruchomiony za pomoc\u0105 specjalnej blokady. Takie rozwi\u0105zanie zapobiega mo\u017cliwo\u015bci wyst\u0105pienia d\u0142u\u017cszego lotu oraz sytuacji, w kt\u00f3rych (na przyk\u0142ad przy du\u017cym wietrze) powstawa\u0142by luz na linie s\u0142u\u017c\u0105cej do autoasekuracji. \u00a0Przyrz\u0105d nale\u017cy u\u017cywa\u0107 wraz z lon\u017c\u0105 mu dedykowan\u0105. Jest ni\u0105 lon\u017ca ASAP\u2019SORBER wyposa\u017cona w absorber energii. Przyrz\u0105d dzia\u0142a bezawaryjnie na linach pionowych i uko\u015bnych. Nawet z\u0142apany podczas upadku r\u0119koma, zaci\u015bnie si\u0119 na linie i przerwie lot b\u0105d\u017a zsuwanie si\u0119 po pochy\u0142ej powierzchni.<\/p>\n","protected":false},"excerpt":{"rendered":"<p>ASAP Lock to niezawodny przyrz\u0105d autoasekuracyjny uzupe\u0142niony o funkcj\u0119 umo\u017cliwiaj\u0105c\u0105 blokowanie go w dowolnej pozycji na linie. Podczas pracy przyrz\u0105d<\/p>\n","protected":false},"featured_media":589,"template":"","meta":[],"product_brand":[],"product_cat":[96],"product_tag":[],"class_list":{"0":"post-588","1":"product","2":"type-product","3":"status-publish","4":"has-post-thumbnail","6":"product_cat-urzadzenia-asekuracyjne","7":"pa_marka-petzl","8":"pa_norma-anso-z359-15","9":"pa_norma-ce-en-12841-typ-a","10":"pa_norma-ce-en-353-2","11":"pa_norma-eac","12":"pa_przeznaczenie-ewakuacja","13":"pa_przeznaczenie-prace-wysokosciowe","14":"pa_przeznaczenie-ratownictwo","16":"first","17":"instock","18":"taxable","19":"shipping-taxable","20":"purchasable","21":"product-type-simple"},"_links":{"self":[{"href":"https:\/\/altosekura.com\/pl\/wp-json\/wp\/v2\/product\/588","targetHints":{"allow":["GET"]}}],"collection":[{"href":"https:\/\/altosekura.com\/pl\/wp-json\/wp\/v2\/product"}],"about":[{"href":"https:\/\/altosekura.com\/pl\/wp-json\/wp\/v2\/types\/product"}],"wp:featuredmedia":[{"embeddable":true,"href":"https:\/\/altosekura.com\/pl\/wp-json\/wp\/v2\/media\/589"}],"wp:attachment":[{"href":"https:\/\/altosekura.com\/pl\/wp-json\/wp\/v2\/media?parent=588"}],"wp:term":[{"taxonomy":"product_brand","embeddable":true,"href":"https:\/\/altosekura.com\/pl\/wp-json\/wp\/v2\/product_brand?post=588"},{"taxonomy":"product_cat","embeddable":true,"href":"https:\/\/altosekura.com\/pl\/wp-json\/wp\/v2\/product_cat?post=588"},{"taxonomy":"product_tag","embeddable":true,"href":"https:\/\/altosekura.com\/pl\/wp-json\/wp\/v2\/product_tag?post=588"}],"curies":[{"name":"wp","href":"https:\/\/api.w.org\/{rel}","templated":true}]}}