{"id":586,"date":"2024-06-26T13:19:04","date_gmt":"2024-06-26T11:19:04","guid":{"rendered":"https:\/\/altosecura.proadax-dev.pl\/p\/asap-sorber-20-cm\/"},"modified":"2026-04-18T16:05:17","modified_gmt":"2026-04-18T14:05:17","slug":"asap-sorber-20-cm","status":"publish","type":"product","link":"https:\/\/altosekura.com\/pl\/p\/asap-sorber-20-cm\/","title":{"rendered":"ASAP&#8217; Sorber 20 cm"},"content":{"rendered":"<p>Lon\u017ca z absorberem energii, do przyrz\u0105du ASAP. Absorber energii ASAP\u2019SORBER mo\u017ce by\u0107 u\u017cywany wy\u0142\u0105cznie z przyrz\u0105dem autoasekuracyjnym ASAP lub ASAP LOCK. Zapewnia dystans mi\u0119dzy pracownikiem a lin\u0105, by j\u0105 chroni\u0107 podczas r\u00f3\u017cnych faz pracy. Jest wyposa\u017cony w ta\u015bm\u0119 dzia\u0142aj\u0105c\u0105 na zasadzie rozdarcia, znajduj\u0105c\u0105 si\u0119 w otwieranym pokrowcu. Pokrowiec chroni absorber przed tarciem i zanieczyszczeniami, umo\u017cliwiaj\u0105c jednocze\u015bnie kontrol\u0119 okresow\u0105. Asap\u2019Sorber 20cm jest przeznaczony dla u\u017cytkownik\u00f3w o wadze 50-130kg.<\/p>\n","protected":false},"excerpt":{"rendered":"<p>Lon\u017ca z absorberem energii, do przyrz\u0105du ASAP. Absorber energii ASAP\u2019SORBER mo\u017ce by\u0107 u\u017cywany wy\u0142\u0105cznie z przyrz\u0105dem autoasekuracyjnym ASAP lub ASAP<\/p>\n","protected":false},"featured_media":587,"template":"","meta":[],"product_brand":[],"product_cat":[96],"product_tag":[],"class_list":{"0":"post-586","1":"product","2":"type-product","3":"status-publish","4":"has-post-thumbnail","6":"product_cat-urzadzenia-asekuracyjne","7":"pa_marka-petzl","8":"pa_norma-ansi-z359-13-6-feet","9":"pa_norma-ce-en-355","10":"pa_norma-eac","11":"pa_przeznaczenie-arborystyk","12":"pa_przeznaczenie-prace-wysokosciowe","14":"first","15":"instock","16":"taxable","17":"shipping-taxable","18":"purchasable","19":"product-type-simple"},"_links":{"self":[{"href":"https:\/\/altosekura.com\/pl\/wp-json\/wp\/v2\/product\/586","targetHints":{"allow":["GET"]}}],"collection":[{"href":"https:\/\/altosekura.com\/pl\/wp-json\/wp\/v2\/product"}],"about":[{"href":"https:\/\/altosekura.com\/pl\/wp-json\/wp\/v2\/types\/product"}],"wp:featuredmedia":[{"embeddable":true,"href":"https:\/\/altosekura.com\/pl\/wp-json\/wp\/v2\/media\/587"}],"wp:attachment":[{"href":"https:\/\/altosekura.com\/pl\/wp-json\/wp\/v2\/media?parent=586"}],"wp:term":[{"taxonomy":"product_brand","embeddable":true,"href":"https:\/\/altosekura.com\/pl\/wp-json\/wp\/v2\/product_brand?post=586"},{"taxonomy":"product_cat","embeddable":true,"href":"https:\/\/altosekura.com\/pl\/wp-json\/wp\/v2\/product_cat?post=586"},{"taxonomy":"product_tag","embeddable":true,"href":"https:\/\/altosekura.com\/pl\/wp-json\/wp\/v2\/product_tag?post=586"}],"curies":[{"name":"wp","href":"https:\/\/api.w.org\/{rel}","templated":true}]}}