{"id":583,"date":"2024-06-28T13:19:04","date_gmt":"2024-06-28T11:19:04","guid":{"rendered":"https:\/\/altosecura.proadax-dev.pl\/p\/asap\/"},"modified":"2026-04-18T16:05:17","modified_gmt":"2026-04-18T14:05:17","slug":"asap","status":"publish","type":"product","link":"https:\/\/altosekura.com\/pl\/p\/asap\/","title":{"rendered":"ASAP"},"content":{"rendered":"<p>ASAP &#8211; mechanizm samozaciskowy dzi\u0119ki swojemu unikalnemu systemowi blokowania jest wzorcowym przyrz\u0105dem zabezpieczaj\u0105cym przed upadkiem z wysoko\u015bci. Przy normalnym u\u017cyciu przesuwny przyrz\u0105d autoasekuracyjny przemieszcza si\u0119 wzd\u0142u\u017c liny bez interwencji manualnej ze strony u\u017cytkownika. W przypadku nag\u0142ego obci\u0105\u017cenia lub zbyt du\u017cej pr\u0119dko\u015bci ASAP blokuje si\u0119, zatrzymuj\u0105c u\u017cytkownika. Przyrz\u0105d ASAP stosowany z absorberem energii ASAP\u2019SORBER, opr\u00f3cz absorpcji energii upadku, zapewnia dystans mi\u0119dzy pracownikiem i lin\u0105. Sprzedawany osobno z karabinkiem OK Triact.<\/p>\n","protected":false},"excerpt":{"rendered":"<p>ASAP &#8211; mechanizm samozaciskowy dzi\u0119ki swojemu unikalnemu systemowi blokowania jest wzorcowym przyrz\u0105dem zabezpieczaj\u0105cym przed upadkiem z wysoko\u015bci. Przy normalnym u\u017cyciu<\/p>\n","protected":false},"featured_media":584,"template":"","meta":[],"product_brand":[],"product_cat":[96],"product_tag":[],"class_list":{"0":"post-583","1":"product","2":"type-product","3":"status-publish","4":"has-post-thumbnail","6":"product_cat-urzadzenia-asekuracyjne","7":"pa_kolor-pomaranczowy","8":"pa_marka-petzl","9":"pa_norma-pn-en-12841a","10":"pa_norma-pn-en-353-2","11":"pa_przeznaczenie-arborystyk","12":"pa_przeznaczenie-prace-wysokosciowe","13":"pa_przeznaczenie-ratownictwo","15":"first","16":"instock","17":"taxable","18":"shipping-taxable","19":"purchasable","20":"product-type-simple"},"_links":{"self":[{"href":"https:\/\/altosekura.com\/pl\/wp-json\/wp\/v2\/product\/583","targetHints":{"allow":["GET"]}}],"collection":[{"href":"https:\/\/altosekura.com\/pl\/wp-json\/wp\/v2\/product"}],"about":[{"href":"https:\/\/altosekura.com\/pl\/wp-json\/wp\/v2\/types\/product"}],"wp:featuredmedia":[{"embeddable":true,"href":"https:\/\/altosekura.com\/pl\/wp-json\/wp\/v2\/media\/584"}],"wp:attachment":[{"href":"https:\/\/altosekura.com\/pl\/wp-json\/wp\/v2\/media?parent=583"}],"wp:term":[{"taxonomy":"product_brand","embeddable":true,"href":"https:\/\/altosekura.com\/pl\/wp-json\/wp\/v2\/product_brand?post=583"},{"taxonomy":"product_cat","embeddable":true,"href":"https:\/\/altosekura.com\/pl\/wp-json\/wp\/v2\/product_cat?post=583"},{"taxonomy":"product_tag","embeddable":true,"href":"https:\/\/altosekura.com\/pl\/wp-json\/wp\/v2\/product_tag?post=583"}],"curies":[{"name":"wp","href":"https:\/\/api.w.org\/{rel}","templated":true}]}}