{"id":581,"date":"2024-06-29T13:19:04","date_gmt":"2024-06-29T11:19:04","guid":{"rendered":"https:\/\/altosecura.proadax-dev.pl\/p\/locker-sling-20-cm\/"},"modified":"2026-04-18T16:05:20","modified_gmt":"2026-04-18T14:05:20","slug":"locker-sling-20-cm","status":"publish","type":"product","link":"https:\/\/altosekura.com\/pl\/p\/locker-sling-20-cm\/","title":{"rendered":"LOCKER sling 20 cm"},"content":{"rendered":"<p>Dedykowana, zszywana lon\u017ca do \u0142\u0105czenia LOCKERA produkcji Singing Rock z koluchem uprz\u0119\u017cy. Przeszyte oczko z jednej strony umo\u017cliwia za\u0142o\u017cenie poprzez kluczk\u0119 zaciskow\u0105 na koluchu, z drugiej strony jest dopasowane oczko do \u015brednicy karabinka.<\/p>\n","protected":false},"excerpt":{"rendered":"<p>Dedykowana, zszywana lon\u017ca do \u0142\u0105czenia LOCKERA produkcji Singing Rock z koluchem uprz\u0119\u017cy. Przeszyte oczko z jednej strony umo\u017cliwia za\u0142o\u017cenie poprzez<\/p>\n","protected":false},"featured_media":582,"template":"","meta":[],"product_brand":[],"product_cat":[96],"product_tag":[],"class_list":{"0":"post-581","1":"product","2":"type-product","3":"status-publish","4":"has-post-thumbnail","6":"product_cat-urzadzenia-asekuracyjne","7":"pa_kolor-czarny","8":"pa_marka-singing-rock","9":"pa_norma-ce-1019","10":"pa_norma-en-354","11":"pa_wytrzymalosc-22-kn","13":"first","14":"instock","15":"taxable","16":"shipping-taxable","17":"purchasable","18":"product-type-simple"},"_links":{"self":[{"href":"https:\/\/altosekura.com\/pl\/wp-json\/wp\/v2\/product\/581","targetHints":{"allow":["GET"]}}],"collection":[{"href":"https:\/\/altosekura.com\/pl\/wp-json\/wp\/v2\/product"}],"about":[{"href":"https:\/\/altosekura.com\/pl\/wp-json\/wp\/v2\/types\/product"}],"wp:featuredmedia":[{"embeddable":true,"href":"https:\/\/altosekura.com\/pl\/wp-json\/wp\/v2\/media\/582"}],"wp:attachment":[{"href":"https:\/\/altosekura.com\/pl\/wp-json\/wp\/v2\/media?parent=581"}],"wp:term":[{"taxonomy":"product_brand","embeddable":true,"href":"https:\/\/altosekura.com\/pl\/wp-json\/wp\/v2\/product_brand?post=581"},{"taxonomy":"product_cat","embeddable":true,"href":"https:\/\/altosekura.com\/pl\/wp-json\/wp\/v2\/product_cat?post=581"},{"taxonomy":"product_tag","embeddable":true,"href":"https:\/\/altosekura.com\/pl\/wp-json\/wp\/v2\/product_tag?post=581"}],"curies":[{"name":"wp","href":"https:\/\/api.w.org\/{rel}","templated":true}]}}