{"id":579,"date":"2024-06-30T13:19:04","date_gmt":"2024-06-30T11:19:04","guid":{"rendered":"https:\/\/altosecura.proadax-dev.pl\/p\/locker\/"},"modified":"2026-04-18T16:05:19","modified_gmt":"2026-04-18T14:05:19","slug":"locker","status":"publish","type":"product","link":"https:\/\/altosekura.com\/pl\/p\/locker\/","title":{"rendered":"LOCKER"},"content":{"rendered":"<p>Locker to sprz\u0119t asekuracyjny chroni\u0105cy przed upadkiem z wysoko\u015bci jak i do pracy w podparciu. Doskona\u0142e, wygodne i proste\u00a0rozwi\u0105zanie dla pracownik\u00f3w wysoko\u015bciowych. Poniewa\u017c ma element regulacyjny krzywki, dlatego mo\u017cna go dostosowa\u0107 do blokowania w okre\u015blonej pozycji. W zwi\u0105zku z tym nieobci\u0105\u017cony sam przesuwa si\u0119 po linie wraz z ruchem pracownika, lub blokuje si\u0119 jednostronnie podczas podchodzenia po linie. Konstrukcja przyrz\u0105du umo\u017cliwia jego odblokowanie pod obci\u0105\u017ceniem. Przyrz\u0105d LOCKER atestowany jest do pracy z linami o \u015brednicy 11 mm. Zgodno\u015b\u0107 z norm\u0105: PN-EN 353-2, PN-EN 358<\/p>\n","protected":false},"excerpt":{"rendered":"<p>Locker to sprz\u0119t asekuracyjny chroni\u0105cy przed upadkiem z wysoko\u015bci jak i do pracy w podparciu. Doskona\u0142e, wygodne i proste\u00a0rozwi\u0105zanie dla<\/p>\n","protected":false},"featured_media":580,"template":"","meta":[],"product_brand":[],"product_cat":[96],"product_tag":[],"class_list":{"0":"post-579","1":"product","2":"type-product","3":"status-publish","4":"has-post-thumbnail","6":"product_cat-urzadzenia-asekuracyjne","7":"pa_kolor-czarny-matowy","8":"pa_marka-singing-rock","9":"pa_norma-pn-en-353-2","10":"pa_norma-pn-en-358","11":"pa_srednica-lin-mm-11-mm","13":"first","14":"instock","15":"taxable","16":"shipping-taxable","17":"purchasable","18":"product-type-simple"},"_links":{"self":[{"href":"https:\/\/altosekura.com\/pl\/wp-json\/wp\/v2\/product\/579","targetHints":{"allow":["GET"]}}],"collection":[{"href":"https:\/\/altosekura.com\/pl\/wp-json\/wp\/v2\/product"}],"about":[{"href":"https:\/\/altosekura.com\/pl\/wp-json\/wp\/v2\/types\/product"}],"wp:featuredmedia":[{"embeddable":true,"href":"https:\/\/altosekura.com\/pl\/wp-json\/wp\/v2\/media\/580"}],"wp:attachment":[{"href":"https:\/\/altosekura.com\/pl\/wp-json\/wp\/v2\/media?parent=579"}],"wp:term":[{"taxonomy":"product_brand","embeddable":true,"href":"https:\/\/altosekura.com\/pl\/wp-json\/wp\/v2\/product_brand?post=579"},{"taxonomy":"product_cat","embeddable":true,"href":"https:\/\/altosekura.com\/pl\/wp-json\/wp\/v2\/product_cat?post=579"},{"taxonomy":"product_tag","embeddable":true,"href":"https:\/\/altosekura.com\/pl\/wp-json\/wp\/v2\/product_tag?post=579"}],"curies":[{"name":"wp","href":"https:\/\/api.w.org\/{rel}","templated":true}]}}