{"id":567,"date":"2024-06-30T13:19:04","date_gmt":"2024-06-30T11:19:04","guid":{"rendered":"https:\/\/altosecura.proadax-dev.pl\/p\/sredni-bloczek-pojedynczy-rp063a\/"},"modified":"2026-03-10T15:58:58","modified_gmt":"2026-03-10T14:58:58","slug":"sredni-bloczek-pojedynczy-rp063a","status":"publish","type":"product","link":"https:\/\/altosekura.com\/pl\/p\/sredni-bloczek-pojedynczy-rp063a\/","title":{"rendered":"RP063A"},"content":{"rendered":"<ul>\n<li>\u015aredni bloczek pojedynczy aluminiowy do lin o \u015brednicy do 13 mm.<\/li>\n<li>Minimalna si\u0142a zrywaj\u0105ca: 50 kN.<\/li>\n<li>Zgodno\u015b\u0107 z norm\u0105: PN-EN 12278<\/li>\n<\/ul>\n","protected":false},"excerpt":{"rendered":"<p>\u015aredni bloczek pojedynczy aluminiowy do lin o \u015brednicy do 13 mm. Minimalna si\u0142a zrywaj\u0105ca: 50 kN. Zgodno\u015b\u0107 z norm\u0105: PN-EN<\/p>\n","protected":false},"featured_media":568,"template":"","meta":[],"product_brand":[],"product_cat":[84,99],"product_tag":[],"class_list":{"0":"post-567","1":"product","2":"type-product","3":"status-publish","4":"has-post-thumbnail","6":"product_cat-bloczki","7":"product_cat-wyprzedaz","8":"pa_kolor-czerwony","9":"pa_marka-isc","10":"pa_norma-pn-en-12278","12":"first","13":"instock","14":"sale","15":"taxable","16":"shipping-taxable","17":"purchasable","18":"product-type-simple"},"_links":{"self":[{"href":"https:\/\/altosekura.com\/pl\/wp-json\/wp\/v2\/product\/567","targetHints":{"allow":["GET"]}}],"collection":[{"href":"https:\/\/altosekura.com\/pl\/wp-json\/wp\/v2\/product"}],"about":[{"href":"https:\/\/altosekura.com\/pl\/wp-json\/wp\/v2\/types\/product"}],"wp:featuredmedia":[{"embeddable":true,"href":"https:\/\/altosekura.com\/pl\/wp-json\/wp\/v2\/media\/568"}],"wp:attachment":[{"href":"https:\/\/altosekura.com\/pl\/wp-json\/wp\/v2\/media?parent=567"}],"wp:term":[{"taxonomy":"product_brand","embeddable":true,"href":"https:\/\/altosekura.com\/pl\/wp-json\/wp\/v2\/product_brand?post=567"},{"taxonomy":"product_cat","embeddable":true,"href":"https:\/\/altosekura.com\/pl\/wp-json\/wp\/v2\/product_cat?post=567"},{"taxonomy":"product_tag","embeddable":true,"href":"https:\/\/altosekura.com\/pl\/wp-json\/wp\/v2\/product_tag?post=567"}],"curies":[{"name":"wp","href":"https:\/\/api.w.org\/{rel}","templated":true}]}}