{"id":561,"date":"2024-06-25T13:18:48","date_gmt":"2024-06-25T11:18:48","guid":{"rendered":"https:\/\/altosecura.proadax-dev.pl\/p\/pro-traction\/"},"modified":"2026-03-10T15:59:08","modified_gmt":"2026-03-10T14:59:08","slug":"pro-traction","status":"publish","type":"product","link":"https:\/\/altosekura.com\/pl\/p\/pro-traction\/","title":{"rendered":"Pro Traction"},"content":{"rendered":"<p>Mo\u017cliwo\u015b\u0107 otwarcia bloczka, nawet gdy jest wpi\u0119ty do stanowiska. Bloczek z blokad\u0105 PRO TRAXION zosta\u0142 zaprojektowany do uk\u0142ad\u00f3w do wyci\u0105gania. Dzi\u0119ki rolce o du\u017cej \u015brednicy na szczelnym \u0142o\u017cysku kulkowym i znacz\u0105cej wydajno\u015bci, jest szczeg\u00f3lnie przystosowany do wyci\u0105gania du\u017cych ci\u0119\u017car\u00f3w. Kr\u0119tlik u\u0142atwia operowanie bloczkiem pod obci\u0105\u017ceniem: umo\u017cliwia jego orientacj\u0119 i bezpo\u015brednie wpi\u0119cie karabink\u00f3w, lin lub ta\u015bm.<\/p>\n<p>\u0141atwy w u\u017cyciu bloczek, kt\u00f3rego nie mo\u017cna zgubi\u0107:<br \/>\n\u2013 szybkie i \u0142atwe otwarcie ok\u0142adki ruchomej trzema ruchami, r\u00f3wnie\u017c w r\u0119kawiczkach,<br \/>\n\u2013 mo\u017cliwo\u015b\u0107 za\u0142o\u017cenia liny nawet wtedy, gdy bloczek jest wpi\u0119ty do stanowiska,<br \/>\n\u2013 widoczny czerwony wska\u017anik bezpiecze\u0144stwa je\u015bli bloczek nie jest zablokowany,<br \/>\n\u2013 kszta\u0142t ok\u0142adek zaprojektowany w spos\u00f3b chroni\u0105cy lin\u0119.<\/p>\n<p>Szczeg\u00f3lnie dostosowany do wyci\u0105gania du\u017cych ci\u0119\u017car\u00f3w:<br \/>\n\u2013 rolka aluminiowa o du\u017cej \u015brednicy, zamontowana na szczelnym \u0142o\u017cysku kulkowym zapewnia bardzo du\u017c\u0105 wydajno\u015b\u0107,<br \/>\n\u2013 kr\u0119tlik pozwala na ustawienie pozycji bloczka pod obci\u0105\u017ceniem.<\/p>\n<p>Wszechstronno\u015b\u0107 u\u017cycia:<br \/>\n\u2013 do kr\u0119tlika mo\u017cna wpi\u0105\u0107 do trzech karabink\u00f3w, umo\u017cliwia on r\u00f3wnie\u017c u\u017cycie lin i ta\u015bm dla u\u0142atwienia manewr\u00f3w,<br \/>\n\u2013 j\u0119zyk blokuj\u0105cy, ze szczelin\u0105 i uko\u015bnymi z\u0119bami, dobrze funkcjonuje niezale\u017cnie od warunk\u00f3w (lina zalodzona, zab\u0142ocona itd.),<br \/>\n\u2013 zapadka mo\u017ce zosta\u0107 zablokowana w pozycji otwartej \u2013 do u\u017cycia jako bloczek zwyk\u0142y,<br \/>\n\u2013 dolny punkt wpinania pozwala na instalacj\u0119 r\u00f3\u017cnych wariant\u00f3w uk\u0142ad\u00f3w do wyci\u0105gania,<br \/>\n\u2013 otw\u00f3r w zapadce pozwala na instalacj\u0119 linki pomocniczej do dzia\u0142ania z dystansu.<\/p>\n<p>Parametry:<br \/>\n\u2022 Wydajno\u015b\u0107: 95%<br \/>\n\u2022 Obci\u0105\u017cenie niszcz\u0105ce (przyrz\u0105d u\u017cywany jako bloczek): 11,5\u00a0kN x 2 = 23 kN<br \/>\n\u2022 Obci\u0105\u017cenie niszcz\u0105ce (jako bloczek z blokad\u0105): 4 kN<br \/>\n\u2022 U\u017cywany na linach 8 \u2013 13 mm<br \/>\n\u2022 Ci\u0119\u017car: 295 g<br \/>\n\u2022 CE EN 567, CE EN 12278, CE EN 12841 tyb B, UKCA, NFPA 2500 Technical Use Pulley and Rope grab<\/p>\n","protected":false},"excerpt":{"rendered":"<p>Mo\u017cliwo\u015b\u0107 otwarcia bloczka, nawet gdy jest wpi\u0119ty do stanowiska. Bloczek z blokad\u0105 PRO TRAXION zosta\u0142 zaprojektowany do uk\u0142ad\u00f3w do wyci\u0105gania.<\/p>\n","protected":false},"featured_media":3427,"template":"","meta":[],"product_brand":[],"product_cat":[84],"product_tag":[],"class_list":{"0":"post-561","1":"product","2":"type-product","3":"status-publish","4":"has-post-thumbnail","6":"product_cat-bloczki","7":"pa_marka-petzl","8":"pa_norma-ce-en-12278","9":"pa_norma-en-12841-typ-b","10":"pa_norma-en-567","11":"pa_srednica-lin-mm-8-13","13":"first","14":"instock","15":"taxable","16":"shipping-taxable","17":"purchasable","18":"product-type-simple"},"_links":{"self":[{"href":"https:\/\/altosekura.com\/pl\/wp-json\/wp\/v2\/product\/561","targetHints":{"allow":["GET"]}}],"collection":[{"href":"https:\/\/altosekura.com\/pl\/wp-json\/wp\/v2\/product"}],"about":[{"href":"https:\/\/altosekura.com\/pl\/wp-json\/wp\/v2\/types\/product"}],"wp:featuredmedia":[{"embeddable":true,"href":"https:\/\/altosekura.com\/pl\/wp-json\/wp\/v2\/media\/3427"}],"wp:attachment":[{"href":"https:\/\/altosekura.com\/pl\/wp-json\/wp\/v2\/media?parent=561"}],"wp:term":[{"taxonomy":"product_brand","embeddable":true,"href":"https:\/\/altosekura.com\/pl\/wp-json\/wp\/v2\/product_brand?post=561"},{"taxonomy":"product_cat","embeddable":true,"href":"https:\/\/altosekura.com\/pl\/wp-json\/wp\/v2\/product_cat?post=561"},{"taxonomy":"product_tag","embeddable":true,"href":"https:\/\/altosekura.com\/pl\/wp-json\/wp\/v2\/product_tag?post=561"}],"curies":[{"name":"wp","href":"https:\/\/api.w.org\/{rel}","templated":true}]}}