{"id":557,"date":"2024-06-26T13:18:48","date_gmt":"2024-06-26T11:18:48","guid":{"rendered":"https:\/\/altosecura.proadax-dev.pl\/p\/micro-traction\/"},"modified":"2026-03-10T15:59:07","modified_gmt":"2026-03-10T14:59:07","slug":"micro-traction","status":"publish","type":"product","link":"https:\/\/altosekura.com\/pl\/p\/micro-traction\/","title":{"rendered":"Micro Traction"},"content":{"rendered":"<p>Bloczek ze zintegrowan\u0105 blokad\u0105 s\u0142u\u017c\u0105cy jako zwyk\u0142y bloczek lub bloczek z funkcj\u0105 blokady. G\u00f3rny przycisk umo\u017cliwia zablokowanie zapadki w pozycji otwartej. Aluminiowa rolka zamontowana na szczelnym \u0142o\u017cysku kulkowym zapewnia bardzo dobr\u0105 wydajno\u015b\u0107. J\u0119zyk blokuj\u0105cy dzia\u0142a nawet na linie zab\u0142oconej lub zalodzonej. Ultrakompaktowy i bardzo lekki.<\/p>\n<ul>\n<li>Obci\u0105\u017cenie niszcz\u0105ce: 7,5 kN x 2 = 15 kN<\/li>\n<li>Maksymalne obci\u0105\u017cenie robocze: 2,5 kN x 2 = 5 kN<\/li>\n<li>Obci\u0105\u017cenie niszcz\u0105ce jako bloczek z blokad\u0105: 4 kN<\/li>\n<li>Maksymalne obci\u0105\u017cenie robocze jako bloczek z blokad\u0105: 2,5 kN<\/li>\n<li>Kompatybilny z linami o \u015brednicy: 8 do 11 mm.<\/li>\n<li>Zgodno\u015b\u0107 z norm\u0105:\u00a0CE EN 567, UIAA<\/li>\n<\/ul>\n","protected":false},"excerpt":{"rendered":"<p>Bloczek ze zintegrowan\u0105 blokad\u0105 s\u0142u\u017c\u0105cy jako zwyk\u0142y bloczek lub bloczek z funkcj\u0105 blokady. G\u00f3rny przycisk umo\u017cliwia zablokowanie zapadki w pozycji<\/p>\n","protected":false},"featured_media":558,"template":"","meta":[],"product_brand":[],"product_cat":[84],"product_tag":[],"class_list":{"0":"post-557","1":"product","2":"type-product","3":"status-publish","4":"has-post-thumbnail","6":"product_cat-bloczki","7":"pa_kolor-zolty","8":"pa_marka-petzl","9":"pa_norma-ce-en-567","10":"pa_przeznaczenie-arborystyk","11":"pa_przeznaczenie-praca-w-dostepie-linowym","12":"pa_przeznaczenie-prace-wysokosciowe","13":"pa_przeznaczenie-ratownictwo","14":"pa_srednica-lin-mm-8-13","16":"first","17":"instock","18":"taxable","19":"shipping-taxable","20":"purchasable","21":"product-type-simple"},"_links":{"self":[{"href":"https:\/\/altosekura.com\/pl\/wp-json\/wp\/v2\/product\/557","targetHints":{"allow":["GET"]}}],"collection":[{"href":"https:\/\/altosekura.com\/pl\/wp-json\/wp\/v2\/product"}],"about":[{"href":"https:\/\/altosekura.com\/pl\/wp-json\/wp\/v2\/types\/product"}],"wp:featuredmedia":[{"embeddable":true,"href":"https:\/\/altosekura.com\/pl\/wp-json\/wp\/v2\/media\/558"}],"wp:attachment":[{"href":"https:\/\/altosekura.com\/pl\/wp-json\/wp\/v2\/media?parent=557"}],"wp:term":[{"taxonomy":"product_brand","embeddable":true,"href":"https:\/\/altosekura.com\/pl\/wp-json\/wp\/v2\/product_brand?post=557"},{"taxonomy":"product_cat","embeddable":true,"href":"https:\/\/altosekura.com\/pl\/wp-json\/wp\/v2\/product_cat?post=557"},{"taxonomy":"product_tag","embeddable":true,"href":"https:\/\/altosekura.com\/pl\/wp-json\/wp\/v2\/product_tag?post=557"}],"curies":[{"name":"wp","href":"https:\/\/api.w.org\/{rel}","templated":true}]}}