{"id":551,"date":"2024-06-27T13:18:48","date_gmt":"2024-06-27T11:18:48","guid":{"rendered":"https:\/\/altosecura.proadax-dev.pl\/p\/twin-roll\/"},"modified":"2026-04-18T12:05:20","modified_gmt":"2026-04-18T10:05:20","slug":"twin-roll","status":"publish","type":"product","link":"https:\/\/altosekura.com\/pl\/p\/twin-roll\/","title":{"rendered":"Twin Roll"},"content":{"rendered":"<p>Du\u017cy podw\u00f3jny bloczek produkcji Singing Rock do lin nylonowych statycznych i dynamicznych, do transportu pionowego i ratownictwa. Ok\u0142adziny bloczka zoptymalizowane do wsp\u00f3\u0142pracy z w\u0119z\u0142ami zaciskowymi lub przyrz\u0105dami. Uszczelnione \u0142o\u017cysko osi roboczej i du\u017ca \u015brednica rolek preferuje bloczek do zastosowa\u0144 przemys\u0142owych. Wyprofilowany punkt zawieszenia bloczka umo\u017cliwia wpi\u0119cie do trzech karabink\u00f3w. Ok\u0142adziny boczne zapewniaj\u0105 ochron\u0119 liny. Os\u0142ona \u0142o\u017cyska zapewnia jego d\u0142ug\u0105 prac\u0119.<\/p>\n<ul>\n<li>Dolny punkt wpinania obci\u0105\u017cenia: 12 kN<\/li>\n<li>Wytrzyma\u0142o\u015bc\u0301: 36 kN<\/li>\n<li>Obci\u0105\u017cenie robocze: 4&#215;3 kN<\/li>\n<li>\u00d8 liny maksymalna: 13 mm.<\/li>\n<li>Zgodno\u015b\u0107 z norm\u0105: CE 1019, EN 12278<\/li>\n<\/ul>\n","protected":false},"excerpt":{"rendered":"<p>Du\u017cy podw\u00f3jny bloczek produkcji Singing Rock do lin nylonowych statycznych i dynamicznych, do transportu pionowego i ratownictwa. Ok\u0142adziny bloczka zoptymalizowane<\/p>\n","protected":false},"featured_media":552,"template":"","meta":[],"product_brand":[],"product_cat":[84],"product_tag":[],"class_list":{"0":"post-551","1":"product","2":"type-product","3":"status-publish","4":"has-post-thumbnail","6":"product_cat-bloczki","7":"pa_kolor-pomaranczowy","8":"pa_marka-singing-rock","9":"pa_norma-ce-1019","10":"pa_norma-en-12278","11":"pa_wytrzymalosc-32-kn","13":"first","14":"instock","15":"sale","16":"taxable","17":"shipping-taxable","18":"purchasable","19":"product-type-simple"},"_links":{"self":[{"href":"https:\/\/altosekura.com\/pl\/wp-json\/wp\/v2\/product\/551","targetHints":{"allow":["GET"]}}],"collection":[{"href":"https:\/\/altosekura.com\/pl\/wp-json\/wp\/v2\/product"}],"about":[{"href":"https:\/\/altosekura.com\/pl\/wp-json\/wp\/v2\/types\/product"}],"wp:featuredmedia":[{"embeddable":true,"href":"https:\/\/altosekura.com\/pl\/wp-json\/wp\/v2\/media\/552"}],"wp:attachment":[{"href":"https:\/\/altosekura.com\/pl\/wp-json\/wp\/v2\/media?parent=551"}],"wp:term":[{"taxonomy":"product_brand","embeddable":true,"href":"https:\/\/altosekura.com\/pl\/wp-json\/wp\/v2\/product_brand?post=551"},{"taxonomy":"product_cat","embeddable":true,"href":"https:\/\/altosekura.com\/pl\/wp-json\/wp\/v2\/product_cat?post=551"},{"taxonomy":"product_tag","embeddable":true,"href":"https:\/\/altosekura.com\/pl\/wp-json\/wp\/v2\/product_tag?post=551"}],"curies":[{"name":"wp","href":"https:\/\/api.w.org\/{rel}","templated":true}]}}