{"id":549,"date":"2024-06-28T13:18:48","date_gmt":"2024-06-28T11:18:48","guid":{"rendered":"https:\/\/altosecura.proadax-dev.pl\/p\/extra-roll\/"},"modified":"2026-04-18T12:05:17","modified_gmt":"2026-04-18T10:05:17","slug":"extra-roll","status":"publish","type":"product","link":"https:\/\/altosekura.com\/pl\/p\/extra-roll\/","title":{"rendered":"Extra roll"},"content":{"rendered":"<p>Du\u017cy pojedynczy bloczek produkcji Singing Rock dla lin nylonowych, przeznaczony do zastosowa\u0144 w transporcie pionowym i ratownictwie, o du\u017cej efektywno\u015bci. Jest wytrzyma\u0142y i lekki, do zastosowa\u0144 przemys\u0142owych i system\u00f3w wyci\u0105gania. Uszczelnione \u0142o\u017cysko osi roboczej i du\u017ca \u015brednica rolki zapewnia wydajno\u015b\u0107. Ok\u0142adziny bloczka zoptymalizowane do wsp\u00f3\u0142pracy z w\u0119z\u0142ami zaciskowymi lub przyrz\u0105dami. G\u00f3rny otw\u00f3r bloczka umo\u017cliwia wpi\u0119cie do trzech karabink\u00f3w. Profilowane ok\u0142adziny boczne zapewniaj\u0105 ochron\u0119 liny. Zgodno\u015b\u0107 z norm\u0105:\u00a0CE 1019, EN 12278<\/p>\n","protected":false},"excerpt":{"rendered":"<p>Du\u017cy pojedynczy bloczek produkcji Singing Rock dla lin nylonowych, przeznaczony do zastosowa\u0144 w transporcie pionowym i ratownictwie, o du\u017cej efektywno\u015bci.<\/p>\n","protected":false},"featured_media":3430,"template":"","meta":[],"product_brand":[],"product_cat":[84],"product_tag":[],"class_list":{"0":"post-549","1":"product","2":"type-product","3":"status-publish","4":"has-post-thumbnail","6":"product_cat-bloczki","7":"pa_kolor-czarny","8":"pa_marka-singing-rock","9":"pa_norma-ce-1019","10":"pa_norma-en-12278","11":"pa_wytrzymalosc-32-kn","13":"first","14":"instock","15":"sale","16":"taxable","17":"shipping-taxable","18":"purchasable","19":"product-type-simple"},"_links":{"self":[{"href":"https:\/\/altosekura.com\/pl\/wp-json\/wp\/v2\/product\/549","targetHints":{"allow":["GET"]}}],"collection":[{"href":"https:\/\/altosekura.com\/pl\/wp-json\/wp\/v2\/product"}],"about":[{"href":"https:\/\/altosekura.com\/pl\/wp-json\/wp\/v2\/types\/product"}],"wp:featuredmedia":[{"embeddable":true,"href":"https:\/\/altosekura.com\/pl\/wp-json\/wp\/v2\/media\/3430"}],"wp:attachment":[{"href":"https:\/\/altosekura.com\/pl\/wp-json\/wp\/v2\/media?parent=549"}],"wp:term":[{"taxonomy":"product_brand","embeddable":true,"href":"https:\/\/altosekura.com\/pl\/wp-json\/wp\/v2\/product_brand?post=549"},{"taxonomy":"product_cat","embeddable":true,"href":"https:\/\/altosekura.com\/pl\/wp-json\/wp\/v2\/product_cat?post=549"},{"taxonomy":"product_tag","embeddable":true,"href":"https:\/\/altosekura.com\/pl\/wp-json\/wp\/v2\/product_tag?post=549"}],"curies":[{"name":"wp","href":"https:\/\/api.w.org\/{rel}","templated":true}]}}