{"id":5021,"date":"2024-07-14T01:10:40","date_gmt":"2024-07-13T23:10:40","guid":{"rendered":"https:\/\/altosecura.proadax-dev.pl\/?post_type=product&#038;p=5021"},"modified":"2026-03-10T15:59:00","modified_gmt":"2026-03-10T14:59:00","slug":"urzadzenie-samohamowne-olympe-z-lina-stalowa-ocynkowana-z-wyciagarka-ratownicza-10-m-atex","status":"publish","type":"product","link":"https:\/\/altosekura.com\/pl\/p\/urzadzenie-samohamowne-olympe-z-lina-stalowa-ocynkowana-z-wyciagarka-ratownicza-10-m-atex\/","title":{"rendered":"Urz\u0105dzenie samohamowne OLYMPE z lin\u0105 stalow\u0105 ocynkowan\u0105 z wyci\u0105gark\u0105 ratownicz\u0105 10 m ATEX FA 20 401 10"},"content":{"rendered":"<p>Lina stalowa ocynkowana o \u015brednicy 4,5 mm<\/p>\n<p>Wewn\u0119trzny mechanizm hamowania w celu zmniejszenia si\u0142y powstrzymuj\u0105cej upadek do mniej ni\u017c 6 kN.<\/p>\n<p>Stalowy zatrza\u015bnik zakr\u0119cany FA5010117 na ko\u0144cu zakotwienia,<br \/>\nStalowy zatrza\u015bnik hak bi-otwieralny ze wska\u017anikiem uderzenia na kr\u0119tliku FA5020320<\/p>\n<p>Zintegrowany system odzyskiwania.<\/p>\n<p>Dostarczany z link\u0105 FA2090410<\/p>\n<p>Minimalna si\u0142a zrywaj\u0105ca&gt; 12 kN.<\/p>\n<p>Zgodno\u015b\u0107: EN 360: 2002, EN1496: 2017 klasa B, Dyrektywa ATEX 2014\/34 \/ UE.<\/p>\n<p>Zatwierdzony dla u\u017cytkownika z maks. ci\u0119\u017car 140 kg przy zastosowaniu pionowym.<\/p>\n","protected":false},"excerpt":{"rendered":"<p>Lina stalowa ocynkowana o \u015brednicy 4,5 mm Wewn\u0119trzny mechanizm hamowania w celu zmniejszenia si\u0142y powstrzymuj\u0105cej upadek do mniej ni\u017c 6<\/p>\n","protected":false},"featured_media":4999,"template":"","meta":[],"product_brand":[],"product_cat":[95],"product_tag":[],"class_list":{"0":"post-5021","1":"product","2":"type-product","3":"status-publish","4":"has-post-thumbnail","6":"product_cat-sprzet-do-pracy-w-przestrzeniach-zamknietych","7":"pa_marka-kratos","9":"first","10":"onbackorder","11":"taxable","12":"shipping-taxable","13":"purchasable","14":"product-type-simple"},"_links":{"self":[{"href":"https:\/\/altosekura.com\/pl\/wp-json\/wp\/v2\/product\/5021","targetHints":{"allow":["GET"]}}],"collection":[{"href":"https:\/\/altosekura.com\/pl\/wp-json\/wp\/v2\/product"}],"about":[{"href":"https:\/\/altosekura.com\/pl\/wp-json\/wp\/v2\/types\/product"}],"wp:featuredmedia":[{"embeddable":true,"href":"https:\/\/altosekura.com\/pl\/wp-json\/wp\/v2\/media\/4999"}],"wp:attachment":[{"href":"https:\/\/altosekura.com\/pl\/wp-json\/wp\/v2\/media?parent=5021"}],"wp:term":[{"taxonomy":"product_brand","embeddable":true,"href":"https:\/\/altosekura.com\/pl\/wp-json\/wp\/v2\/product_brand?post=5021"},{"taxonomy":"product_cat","embeddable":true,"href":"https:\/\/altosekura.com\/pl\/wp-json\/wp\/v2\/product_cat?post=5021"},{"taxonomy":"product_tag","embeddable":true,"href":"https:\/\/altosekura.com\/pl\/wp-json\/wp\/v2\/product_tag?post=5021"}],"curies":[{"name":"wp","href":"https:\/\/api.w.org\/{rel}","templated":true}]}}