{"id":5020,"date":"2024-07-14T00:58:51","date_gmt":"2024-07-13T22:58:51","guid":{"rendered":"https:\/\/altosecura.proadax-dev.pl\/?post_type=product&#038;p=5020"},"modified":"2026-03-10T15:59:00","modified_gmt":"2026-03-10T14:59:00","slug":"urzadzenie-samohamowne-olympe-z-lina-stalowa-ocynkowana-z-wyciagarka-ratownicza-20-m-atex","status":"publish","type":"product","link":"https:\/\/altosekura.com\/pl\/p\/urzadzenie-samohamowne-olympe-z-lina-stalowa-ocynkowana-z-wyciagarka-ratownicza-20-m-atex\/","title":{"rendered":"Urz\u0105dzenie samohamowne OLYMPE z lin\u0105 stalow\u0105 ocynkowan\u0105 z wyci\u0105gark\u0105 ratownicz\u0105 20 m ATEX FA 20 401 20"},"content":{"rendered":"<p>W zestawie linka stalowa ocynkowana o \u015brednicy 4,5 mm.<\/p>\n<p>D\u0142ugo\u015b\u0107: 20 m<\/p>\n<p>Obudowa wykonana z polimeru o wysokiej odporno\u015bci, aby zapobiec p\u0119kni\u0119ciu.<\/p>\n<p>G\u00f3rny koniec mocowania zako\u0144czony kr\u0119tlikiem.<\/p>\n<p>Wewn\u0119trzny mechanizm hamowania redukuj\u0105cy si\u0142\u0119 powstrzymuj\u0105c\u0105 upadek do mniej ni\u017c 6 kN.<\/p>\n<p>Zintegrowany system odzyskiwania.<\/p>\n<p>Minimalna si\u0142a zrywaj\u0105ca &gt; 12 kN.<\/p>\n<p>Zatrza\u015bniki: Stalowy zatrza\u015bnik zakr\u0119cany o otwarciu 18 mm, ref. FA 50 101 17, na ko\u0144cu zakotwienia i 50 203 20 ze wska\u017anikiem obci\u0105\u017cenia na ko\u0144cu mocowania.<\/p>\n<p>\u015arednia pr\u0119dko\u015b\u0107 blokowania: 1.6 m\/s<\/p>\n<p>Maksymalna waga do u\u017cytku pionowego: 140 kg.<\/p>\n<p>Spe\u0142nia: EN 360:2002 i EN 1496:2017 klasa B<\/p>\n","protected":false},"excerpt":{"rendered":"<p>W zestawie linka stalowa ocynkowana o \u015brednicy 4,5 mm. D\u0142ugo\u015b\u0107: 20 m Obudowa wykonana z polimeru o wysokiej odporno\u015bci, aby<\/p>\n","protected":false},"featured_media":5002,"template":"","meta":[],"product_brand":[],"product_cat":[95],"product_tag":[],"class_list":{"0":"post-5020","1":"product","2":"type-product","3":"status-publish","4":"has-post-thumbnail","6":"product_cat-sprzet-do-pracy-w-przestrzeniach-zamknietych","7":"pa_marka-kratos","9":"first","10":"onbackorder","11":"taxable","12":"shipping-taxable","13":"purchasable","14":"product-type-simple"},"_links":{"self":[{"href":"https:\/\/altosekura.com\/pl\/wp-json\/wp\/v2\/product\/5020","targetHints":{"allow":["GET"]}}],"collection":[{"href":"https:\/\/altosekura.com\/pl\/wp-json\/wp\/v2\/product"}],"about":[{"href":"https:\/\/altosekura.com\/pl\/wp-json\/wp\/v2\/types\/product"}],"wp:featuredmedia":[{"embeddable":true,"href":"https:\/\/altosekura.com\/pl\/wp-json\/wp\/v2\/media\/5002"}],"wp:attachment":[{"href":"https:\/\/altosekura.com\/pl\/wp-json\/wp\/v2\/media?parent=5020"}],"wp:term":[{"taxonomy":"product_brand","embeddable":true,"href":"https:\/\/altosekura.com\/pl\/wp-json\/wp\/v2\/product_brand?post=5020"},{"taxonomy":"product_cat","embeddable":true,"href":"https:\/\/altosekura.com\/pl\/wp-json\/wp\/v2\/product_cat?post=5020"},{"taxonomy":"product_tag","embeddable":true,"href":"https:\/\/altosekura.com\/pl\/wp-json\/wp\/v2\/product_tag?post=5020"}],"curies":[{"name":"wp","href":"https:\/\/api.w.org\/{rel}","templated":true}]}}