{"id":5019,"date":"2024-07-14T00:48:30","date_gmt":"2024-07-13T22:48:30","guid":{"rendered":"https:\/\/altosecura.proadax-dev.pl\/?post_type=product&#038;p=5019"},"modified":"2026-03-10T15:59:02","modified_gmt":"2026-03-10T14:59:02","slug":"wyciagarka-ratowniczo-robocza-lina-galwanizowana-sr-48mm-dl-20-m-atex","status":"publish","type":"product","link":"https:\/\/altosekura.com\/pl\/p\/wyciagarka-ratowniczo-robocza-lina-galwanizowana-sr-48mm-dl-20-m-atex\/","title":{"rendered":"Wyci\u0105garka ratowniczo-robocza &#8211; lina galwanizowana \u015br.4,8mm d\u0142. 20 m ATEX"},"content":{"rendered":"<p>Wyci\u0105garka ratowniczo-robocza &#8211; lina galwanizowana \u015br.4,8mm d\u0142. 20 m ATEX.<\/p>\n<p>S\u0142u\u017cy do podnoszenia lub opuszczania os\u00f3b lub materia\u0142\u00f3w na ograniczonej przestrzeni.<\/p>\n<p>Minimalne obci\u0105\u017cenie robocze: 60 kg.<\/p>\n<p>Bezpieczne obci\u0105\u017cenie robocze (zgodnie z EN1496): 135 kg.<\/p>\n<p>Maksymalne obci\u0105\u017cenie robocze (zgodnie z dyrektyw\u0105 maszynow\u0105): 250 kg.<\/p>\n<p>Ocynkowana \u015brednica kabla: 4,8 mm<\/p>\n","protected":false},"excerpt":{"rendered":"<p>Wyci\u0105garka ratowniczo-robocza &#8211; lina galwanizowana \u015br.4,8mm d\u0142. 20 m ATEX. S\u0142u\u017cy do podnoszenia lub opuszczania os\u00f3b lub materia\u0142\u00f3w na ograniczonej<\/p>\n","protected":false},"featured_media":5014,"template":"","meta":[],"product_brand":[],"product_cat":[95],"product_tag":[],"class_list":{"0":"post-5019","1":"product","2":"type-product","3":"status-publish","4":"has-post-thumbnail","6":"product_cat-sprzet-do-pracy-w-przestrzeniach-zamknietych","7":"pa_marka-kratos","9":"first","10":"onbackorder","11":"taxable","12":"shipping-taxable","13":"purchasable","14":"product-type-simple"},"_links":{"self":[{"href":"https:\/\/altosekura.com\/pl\/wp-json\/wp\/v2\/product\/5019","targetHints":{"allow":["GET"]}}],"collection":[{"href":"https:\/\/altosekura.com\/pl\/wp-json\/wp\/v2\/product"}],"about":[{"href":"https:\/\/altosekura.com\/pl\/wp-json\/wp\/v2\/types\/product"}],"wp:featuredmedia":[{"embeddable":true,"href":"https:\/\/altosekura.com\/pl\/wp-json\/wp\/v2\/media\/5014"}],"wp:attachment":[{"href":"https:\/\/altosekura.com\/pl\/wp-json\/wp\/v2\/media?parent=5019"}],"wp:term":[{"taxonomy":"product_brand","embeddable":true,"href":"https:\/\/altosekura.com\/pl\/wp-json\/wp\/v2\/product_brand?post=5019"},{"taxonomy":"product_cat","embeddable":true,"href":"https:\/\/altosekura.com\/pl\/wp-json\/wp\/v2\/product_cat?post=5019"},{"taxonomy":"product_tag","embeddable":true,"href":"https:\/\/altosekura.com\/pl\/wp-json\/wp\/v2\/product_tag?post=5019"}],"curies":[{"name":"wp","href":"https:\/\/api.w.org\/{rel}","templated":true}]}}