{"id":5018,"date":"2024-07-14T00:39:31","date_gmt":"2024-07-13T22:39:31","guid":{"rendered":"https:\/\/altosecura.proadax-dev.pl\/?post_type=product&#038;p=5018"},"modified":"2026-03-10T15:59:02","modified_gmt":"2026-03-10T14:59:02","slug":"zestaw-adapter-do-montazu-na-trojnogu-urzadzenia-samohamownego-z-wyciagarka-ratunkowa-model-fa-20-401-10","status":"publish","type":"product","link":"https:\/\/altosekura.com\/pl\/p\/zestaw-adapter-do-montazu-na-trojnogu-urzadzenia-samohamownego-z-wyciagarka-ratunkowa-model-fa-20-401-10\/","title":{"rendered":"Zestaw adapter do monta\u017cu na tr\u00f3jnogu urz\u0105dzenia samohamownego z wyci\u0105gark\u0105 ratunkow\u0105 model FA 20 401 10"},"content":{"rendered":"<p>Zestaw adapter do monta\u017cu na tr\u00f3jnogu urz\u0105dzenia samohamownego z wyci\u0105gark\u0105 ratunkow\u0105 model FA 20 401 10 oraz rolka i karabinek zakr\u0119cany<\/p>\n<p>Zestaw zawiera:<br \/>\n&#8211; 1 p\u0142ytka kotwi\u0105ca,<br \/>\n&#8211; 1 pojedynczy bloczek ze stali nierdzewnej z ruchom\u0105 flansz\u0105 &#8211; pojedyncze mocowanie FA 70016 01,<br \/>\n&#8211; mocowania do monta\u017cu tymczasowego (2 sta\u0142e ko\u0142ki zabezpieczaj\u0105ce) i do monta\u017cu sta\u0142ego (2 \u015bruby z \u0142bem sze\u015bciok\u0105tnym, 2 nakr\u0119tki Nylock, 2 podk\u0142adki p\u0142askie)<br \/>\n&#8211; 1 Stalowy zatrza\u015bnik zakr\u0119cany FA 50101 17.<\/p>\n<p>Zgodno\u015b\u0107: Bloczek: EN 12278 \/ Karabinek: EN 362<\/p>\n","protected":false},"excerpt":{"rendered":"<p>Zestaw adapter do monta\u017cu na tr\u00f3jnogu urz\u0105dzenia samohamownego z wyci\u0105gark\u0105 ratunkow\u0105 model FA 20 401 10 oraz rolka i karabinek<\/p>\n","protected":false},"featured_media":5011,"template":"","meta":[],"product_brand":[],"product_cat":[95],"product_tag":[],"class_list":{"0":"post-5018","1":"product","2":"type-product","3":"status-publish","4":"has-post-thumbnail","6":"product_cat-sprzet-do-pracy-w-przestrzeniach-zamknietych","7":"pa_marka-kratos","9":"first","10":"onbackorder","11":"taxable","12":"shipping-taxable","13":"purchasable","14":"product-type-simple"},"_links":{"self":[{"href":"https:\/\/altosekura.com\/pl\/wp-json\/wp\/v2\/product\/5018","targetHints":{"allow":["GET"]}}],"collection":[{"href":"https:\/\/altosekura.com\/pl\/wp-json\/wp\/v2\/product"}],"about":[{"href":"https:\/\/altosekura.com\/pl\/wp-json\/wp\/v2\/types\/product"}],"wp:featuredmedia":[{"embeddable":true,"href":"https:\/\/altosekura.com\/pl\/wp-json\/wp\/v2\/media\/5011"}],"wp:attachment":[{"href":"https:\/\/altosekura.com\/pl\/wp-json\/wp\/v2\/media?parent=5018"}],"wp:term":[{"taxonomy":"product_brand","embeddable":true,"href":"https:\/\/altosekura.com\/pl\/wp-json\/wp\/v2\/product_brand?post=5018"},{"taxonomy":"product_cat","embeddable":true,"href":"https:\/\/altosekura.com\/pl\/wp-json\/wp\/v2\/product_cat?post=5018"},{"taxonomy":"product_tag","embeddable":true,"href":"https:\/\/altosekura.com\/pl\/wp-json\/wp\/v2\/product_tag?post=5018"}],"curies":[{"name":"wp","href":"https:\/\/api.w.org\/{rel}","templated":true}]}}