{"id":5017,"date":"2024-07-14T00:30:01","date_gmt":"2024-07-13T22:30:01","guid":{"rendered":"https:\/\/altosecura.proadax-dev.pl\/?post_type=product&#038;p=5017"},"modified":"2026-03-10T15:59:02","modified_gmt":"2026-03-10T14:59:02","slug":"zestaw-adapter-do-montazu-na-trojnogu-urzadzenia-samohamownego-z-wyciagarka-ratunkowa","status":"publish","type":"product","link":"https:\/\/altosekura.com\/pl\/p\/zestaw-adapter-do-montazu-na-trojnogu-urzadzenia-samohamownego-z-wyciagarka-ratunkowa\/","title":{"rendered":"Zestaw adapter do monta\u017cu na tr\u00f3jnogu urz\u0105dzenia samohamownego z wyci\u0105gark\u0105 ratunkow\u0105 model FA 20 401 20"},"content":{"rendered":"<p>Zestaw adapter do monta\u017cu na tr\u00f3jnogu urz\u0105dzenia samohamownego z wyci\u0105gark\u0105 ratunkow\u0105 model FA 20 401 20 oraz rolka i karabinek zakr\u0119cany.<\/p>\n<p>Sk\u0142ad zestawu\u00a0:<br \/>\n&#8211; P\u0142ytka kotwi\u0105ca, kt\u00f3ra ma by\u0107 przymocowana do statywu (FA 60 001 00 lub FA 60 002 00) za pomoc\u0105 agrafek lub \u015brub,<br \/>\n&#8211; Pojedynczy bloczek ze stali nierdzewnej z ruchom\u0105 flansz\u0105 nr FA 70\u00a0016 01,<br \/>\n&#8211; Mocowania do tymczasowego monta\u017cu (2 agrafki) i do sta\u0142ego monta\u017cu (2 noski \u015brub z \u0142bem sze\u015bciok\u0105tnym, 2 noski z nakr\u0119tek Nylock, 2 noski z podk\u0142adkami g\u0142adkimi)<br \/>\n&#8211; Stalowy zatrza\u015bnik zakr\u0119cany o otwarciu 18mm FA 50\u00a0101 17.<\/p>\n","protected":false},"excerpt":{"rendered":"<p>Zestaw adapter do monta\u017cu na tr\u00f3jnogu urz\u0105dzenia samohamownego z wyci\u0105gark\u0105 ratunkow\u0105 model FA 20 401 20 oraz rolka i karabinek<\/p>\n","protected":false},"featured_media":5008,"template":"","meta":[],"product_brand":[],"product_cat":[95],"product_tag":[],"class_list":{"0":"post-5017","1":"product","2":"type-product","3":"status-publish","4":"has-post-thumbnail","6":"product_cat-sprzet-do-pracy-w-przestrzeniach-zamknietych","7":"pa_marka-kratos","9":"first","10":"onbackorder","11":"taxable","12":"shipping-taxable","13":"purchasable","14":"product-type-simple"},"_links":{"self":[{"href":"https:\/\/altosekura.com\/pl\/wp-json\/wp\/v2\/product\/5017","targetHints":{"allow":["GET"]}}],"collection":[{"href":"https:\/\/altosekura.com\/pl\/wp-json\/wp\/v2\/product"}],"about":[{"href":"https:\/\/altosekura.com\/pl\/wp-json\/wp\/v2\/types\/product"}],"wp:featuredmedia":[{"embeddable":true,"href":"https:\/\/altosekura.com\/pl\/wp-json\/wp\/v2\/media\/5008"}],"wp:attachment":[{"href":"https:\/\/altosekura.com\/pl\/wp-json\/wp\/v2\/media?parent=5017"}],"wp:term":[{"taxonomy":"product_brand","embeddable":true,"href":"https:\/\/altosekura.com\/pl\/wp-json\/wp\/v2\/product_brand?post=5017"},{"taxonomy":"product_cat","embeddable":true,"href":"https:\/\/altosekura.com\/pl\/wp-json\/wp\/v2\/product_cat?post=5017"},{"taxonomy":"product_tag","embeddable":true,"href":"https:\/\/altosekura.com\/pl\/wp-json\/wp\/v2\/product_tag?post=5017"}],"curies":[{"name":"wp","href":"https:\/\/api.w.org\/{rel}","templated":true}]}}