{"id":4998,"date":"2024-07-13T23:33:21","date_gmt":"2024-07-13T21:33:21","guid":{"rendered":"https:\/\/altosecura.proadax-dev.pl\/?post_type=product&#038;p=4998"},"modified":"2026-03-10T15:59:02","modified_gmt":"2026-03-10T14:59:02","slug":"trojnog","status":"publish","type":"product","link":"https:\/\/altosekura.com\/pl\/p\/trojnog\/","title":{"rendered":"Tr\u00f3jn\u00f3g z regulacj\u0105 wysoko\u015bci 1.15 &#8211; 215 m (statyw bezpiecze\u0144stwa) + torba transportowa"},"content":{"rendered":"<p>Tr\u00f3jn\u00f3g z regulacj\u0105 wysoko\u015bci 1,15 &#8211; 2,15 m (statyw bezpiecze\u0144stwa) + torba transportowa<\/p>\n<p>Rozstaw st\u00f3p przeciwstawnych (\u015brednica ko\u0142a): od 1,08 m do 1,62 m.<\/p>\n<p>Maksymalna \u0142adwono\u015b\u0107: 500 kg.<\/p>\n<p>Si\u0142a punktu kotwiczenia wi\u0119ksza ni\u017c 12 kN<\/p>\n<p>Z dwoma zamontowanymi ko\u0142ami pasowymi na g\u0142owicy statywu w przed\u0142u\u017ceniu g\u0142\u00f3wnej nogi do poprowadzenia kabla.<\/p>\n<p>Posiada dwie pomocnicze \u015bruby oczkowe jako punkt\u00f3w mocowania.<\/p>\n<p>G\u0142owica odlewana ze stopu aluminium, nogi z aluminium.<\/p>\n<p>Podpory stalowe wyposa\u017cone w gumow\u0105 podeszw\u0119 zwi\u0119kszaj\u0105c\u0105 tarcie i zapewniaj\u0105c\u0105 wi\u0119ksz\u0105 stabilno\u015b\u0107.<\/p>\n","protected":false},"excerpt":{"rendered":"<p>Tr\u00f3jn\u00f3g z regulacj\u0105 wysoko\u015bci 1,15 &#8211; 2,15 m (statyw bezpiecze\u0144stwa) + torba transportowa Rozstaw st\u00f3p przeciwstawnych (\u015brednica ko\u0142a): od 1,08<\/p>\n","protected":false},"featured_media":5005,"template":"","meta":[],"product_brand":[],"product_cat":[95],"product_tag":[],"class_list":{"0":"post-4998","1":"product","2":"type-product","3":"status-publish","4":"has-post-thumbnail","6":"product_cat-sprzet-do-pracy-w-przestrzeniach-zamknietych","7":"product_shipping_class-individual-transport","8":"pa_marka-kratos","9":"pa_norma-en-7952012b","11":"first","12":"onbackorder","13":"taxable","14":"shipping-taxable","15":"purchasable","16":"product-type-simple"},"_links":{"self":[{"href":"https:\/\/altosekura.com\/pl\/wp-json\/wp\/v2\/product\/4998","targetHints":{"allow":["GET"]}}],"collection":[{"href":"https:\/\/altosekura.com\/pl\/wp-json\/wp\/v2\/product"}],"about":[{"href":"https:\/\/altosekura.com\/pl\/wp-json\/wp\/v2\/types\/product"}],"wp:featuredmedia":[{"embeddable":true,"href":"https:\/\/altosekura.com\/pl\/wp-json\/wp\/v2\/media\/5005"}],"wp:attachment":[{"href":"https:\/\/altosekura.com\/pl\/wp-json\/wp\/v2\/media?parent=4998"}],"wp:term":[{"taxonomy":"product_brand","embeddable":true,"href":"https:\/\/altosekura.com\/pl\/wp-json\/wp\/v2\/product_brand?post=4998"},{"taxonomy":"product_cat","embeddable":true,"href":"https:\/\/altosekura.com\/pl\/wp-json\/wp\/v2\/product_cat?post=4998"},{"taxonomy":"product_tag","embeddable":true,"href":"https:\/\/altosekura.com\/pl\/wp-json\/wp\/v2\/product_tag?post=4998"}],"curies":[{"name":"wp","href":"https:\/\/api.w.org\/{rel}","templated":true}]}}