{"id":4990,"date":"2024-07-13T22:56:14","date_gmt":"2024-07-13T20:56:14","guid":{"rendered":"https:\/\/altosecura.proadax-dev.pl\/?post_type=product&#038;p=4990"},"modified":"2024-07-19T10:30:53","modified_gmt":"2024-07-19T08:30:53","slug":"dt-600-hak-podwieszajacy","status":"publish","type":"product","link":"https:\/\/altosekura.com\/pl\/p\/dt-600-hak-podwieszajacy\/","title":{"rendered":"DT 600 &#8211; Hak podwieszaj\u0105cy"},"content":{"rendered":"<p>DT 600 &#8211; Hak podwieszaj\u0105cy, izolowany, wkr\u0119cany M10.<\/p>\n","protected":false},"excerpt":{"rendered":"<p>DT 600 &#8211; Hak podwieszaj\u0105cy, izolowany, wkr\u0119cany M10.<\/p>\n","protected":false},"featured_media":5059,"template":"","meta":[],"product_brand":[],"product_cat":[1251],"product_tag":[],"class_list":{"0":"post-4990","1":"product","2":"type-product","3":"status-publish","4":"has-post-thumbnail","6":"product_cat-sprzet-pomocniczy-zestaw-instalacyjny","7":"pa_marka-protekt","9":"first","10":"instock","11":"taxable","12":"shipping-taxable","13":"purchasable","14":"product-type-simple"},"_links":{"self":[{"href":"https:\/\/altosekura.com\/pl\/wp-json\/wp\/v2\/product\/4990","targetHints":{"allow":["GET"]}}],"collection":[{"href":"https:\/\/altosekura.com\/pl\/wp-json\/wp\/v2\/product"}],"about":[{"href":"https:\/\/altosekura.com\/pl\/wp-json\/wp\/v2\/types\/product"}],"wp:featuredmedia":[{"embeddable":true,"href":"https:\/\/altosekura.com\/pl\/wp-json\/wp\/v2\/media\/5059"}],"wp:attachment":[{"href":"https:\/\/altosekura.com\/pl\/wp-json\/wp\/v2\/media?parent=4990"}],"wp:term":[{"taxonomy":"product_brand","embeddable":true,"href":"https:\/\/altosekura.com\/pl\/wp-json\/wp\/v2\/product_brand?post=4990"},{"taxonomy":"product_cat","embeddable":true,"href":"https:\/\/altosekura.com\/pl\/wp-json\/wp\/v2\/product_cat?post=4990"},{"taxonomy":"product_tag","embeddable":true,"href":"https:\/\/altosekura.com\/pl\/wp-json\/wp\/v2\/product_tag?post=4990"}],"curies":[{"name":"wp","href":"https:\/\/api.w.org\/{rel}","templated":true}]}}