{"id":4986,"date":"2024-07-13T22:40:00","date_gmt":"2024-07-13T20:40:00","guid":{"rendered":"https:\/\/altosecura.proadax-dev.pl\/?post_type=product&#038;p=4986"},"modified":"2025-12-10T08:29:16","modified_gmt":"2025-12-10T07:29:16","slug":"dt-200-drazek-teleskopowy","status":"publish","type":"product","link":"https:\/\/altosekura.com\/pl\/p\/dt-200-drazek-teleskopowy\/","title":{"rendered":"DT 200 &#8211; Dr\u0105\u017cek teleskopowy"},"content":{"rendered":"<p>DT 200 &#8211; Dr\u0105\u017cek teleskopowy izolacyjny maks. napi\u0119cie znamionowe 440 kV, maks. d\u0142. 8076 mm<\/p>\n<p>Blokowanie poszczeg\u00f3lnych sekcji dr\u0105\u017cka odbywa si\u0119 w dowolnym ich po\u0142o\u017ceniu. Wsp\u00f3\u0142pracuje z hakami i instalatorami do zawieszenia liny roboczej, czujnikami akustycznymi i innymi urz\u0105dzeniami, kt\u00f3re wsp\u00f3\u0142dzia\u0142aj\u0105 z g\u0142owic\u0105 UDI.<\/p>\n<p>Dr\u0105\u017cek nie zawiera g\u0142owicy UDI<\/p>\n","protected":false},"excerpt":{"rendered":"<p>DT 200 &#8211; Dr\u0105\u017cek teleskopowy izolacyjny maks. napi\u0119cie znamionowe 440 kV, maks. d\u0142. 8076 mm Blokowanie poszczeg\u00f3lnych sekcji dr\u0105\u017cka odbywa<\/p>\n","protected":false},"featured_media":4987,"template":"","meta":[],"product_brand":[],"product_cat":[1251],"product_tag":[],"class_list":{"0":"post-4986","1":"product","2":"type-product","3":"status-publish","4":"has-post-thumbnail","6":"product_cat-sprzet-pomocniczy-zestaw-instalacyjny","7":"product_shipping_class-individual-transport","8":"pa_marka-protekt","10":"first","11":"onbackorder","12":"taxable","13":"shipping-taxable","14":"purchasable","15":"product-type-simple"},"_links":{"self":[{"href":"https:\/\/altosekura.com\/pl\/wp-json\/wp\/v2\/product\/4986","targetHints":{"allow":["GET"]}}],"collection":[{"href":"https:\/\/altosekura.com\/pl\/wp-json\/wp\/v2\/product"}],"about":[{"href":"https:\/\/altosekura.com\/pl\/wp-json\/wp\/v2\/types\/product"}],"wp:featuredmedia":[{"embeddable":true,"href":"https:\/\/altosekura.com\/pl\/wp-json\/wp\/v2\/media\/4987"}],"wp:attachment":[{"href":"https:\/\/altosekura.com\/pl\/wp-json\/wp\/v2\/media?parent=4986"}],"wp:term":[{"taxonomy":"product_brand","embeddable":true,"href":"https:\/\/altosekura.com\/pl\/wp-json\/wp\/v2\/product_brand?post=4986"},{"taxonomy":"product_cat","embeddable":true,"href":"https:\/\/altosekura.com\/pl\/wp-json\/wp\/v2\/product_cat?post=4986"},{"taxonomy":"product_tag","embeddable":true,"href":"https:\/\/altosekura.com\/pl\/wp-json\/wp\/v2\/product_tag?post=4986"}],"curies":[{"name":"wp","href":"https:\/\/api.w.org\/{rel}","templated":true}]}}