{"id":4846,"date":"2024-06-30T13:42:05","date_gmt":"2024-06-30T11:42:05","guid":{"rendered":"https:\/\/altosecura.proadax-dev.pl\/?post_type=product&#038;p=4846"},"modified":"2026-03-10T15:59:00","modified_gmt":"2026-03-10T14:59:00","slug":"duran-10-4-mm","status":"publish","type":"product","link":"https:\/\/altosekura.com\/pl\/p\/duran-10-4-mm\/","title":{"rendered":"DURAN 10,4 mm"},"content":{"rendered":"<p>Lina dynamiczna DURAN 10.4 mm pojedyncza lina przeznaczona do wspinaczki w terenie wysokog\u00f3rskim. Dedykowana do intensywnego u\u017cytkowania, poniewa\u017c ciasno pleciony \u00a0rdze\u0144 i oplot \u00a0minimalizuj\u0105 tarcie mi\u0119dzy w\u0142\u00f3knami liny. Dlatego uzyskano wysokie parametry bezpiecze\u0144stwa oraz niezwyk\u0142\u0105 trwa\u0142o\u015b\u0107.\u00a0Unikalna technologia splotu rdzenia pozwoli\u0142a na uzyskanie \u00a0doskona\u0142ych parametr\u00f3w wytrzyma\u0142o\u015bciowych. W zwi\u0105zku z tym lina \u015bwietnie sprawdza si\u0119 podczas wspinaczki w terenie pe\u0142nym wyst\u0119p\u00f3w skalnych. Niewielka \u015brednica liny oraz doskona\u0142a praca w wi\u0119kszo\u015bci dost\u0119pnych przyrz\u0105d\u00f3w asekuracyjnych sprawiaj\u0105, \u017ce lina jest wyj\u0105tkowa. Oznaczanie ko\u0144c\u00f3wek liny wykonane w technice\u00a0\u00a0Termotransfer.\u00a0Zako\u0144czenie ko\u0144c\u00f3wek liny w technologii\u00a0Ultrasonic.<\/p>\n","protected":false},"excerpt":{"rendered":"<p>Produkt sprzedawany w metrach<\/p>\n","protected":false},"featured_media":4847,"template":"","meta":[],"product_brand":[],"product_cat":[88,99],"product_tag":[],"class_list":{"0":"post-4846","1":"product","2":"type-product","3":"status-publish","4":"has-post-thumbnail","6":"product_cat-liny","7":"product_cat-wyprzedaz","8":"pa_kolor-fioletowy","9":"pa_marka-singing-rock","10":"pa_srednica-10-4-mm","12":"first","13":"instock","14":"sale","15":"taxable","16":"shipping-taxable","17":"purchasable","18":"product-type-simple"},"_links":{"self":[{"href":"https:\/\/altosekura.com\/pl\/wp-json\/wp\/v2\/product\/4846","targetHints":{"allow":["GET"]}}],"collection":[{"href":"https:\/\/altosekura.com\/pl\/wp-json\/wp\/v2\/product"}],"about":[{"href":"https:\/\/altosekura.com\/pl\/wp-json\/wp\/v2\/types\/product"}],"wp:featuredmedia":[{"embeddable":true,"href":"https:\/\/altosekura.com\/pl\/wp-json\/wp\/v2\/media\/4847"}],"wp:attachment":[{"href":"https:\/\/altosekura.com\/pl\/wp-json\/wp\/v2\/media?parent=4846"}],"wp:term":[{"taxonomy":"product_brand","embeddable":true,"href":"https:\/\/altosekura.com\/pl\/wp-json\/wp\/v2\/product_brand?post=4846"},{"taxonomy":"product_cat","embeddable":true,"href":"https:\/\/altosekura.com\/pl\/wp-json\/wp\/v2\/product_cat?post=4846"},{"taxonomy":"product_tag","embeddable":true,"href":"https:\/\/altosekura.com\/pl\/wp-json\/wp\/v2\/product_tag?post=4846"}],"curies":[{"name":"wp","href":"https:\/\/api.w.org\/{rel}","templated":true}]}}