{"id":480,"date":"2024-06-29T13:18:27","date_gmt":"2024-06-29T11:18:27","guid":{"rendered":"https:\/\/altosecura.proadax-dev.pl\/p\/small-roll-bloczek\/"},"modified":"2026-04-18T14:05:20","modified_gmt":"2026-04-18T12:05:20","slug":"small-roll-bloczek","status":"publish","type":"product","link":"https:\/\/altosekura.com\/pl\/p\/small-roll-bloczek\/","title":{"rendered":"Small Roll"},"content":{"rendered":"<p>Ma\u0142e ko\u0142o pasowe produkcji Singing Rock, dla tych, kt\u00f3rzy czasami musz\u0105 budowa\u0107 proste systemy ci\u0105gn\u0105ce lub manipulowa\u0107 przedmiotami. Niezb\u0119dny sprz\u0119t do wycieczek po lodowcu w przypadku ratowania w szczelinach. Lekkie pojedyncze ko\u0142o pasowe do ci\u0105gni\u0119cia i ratownictwa, do stosowania ze statycznymi i dynamicznymi linami tekstylnymi nadaje si\u0119 do stosowania z w\u0119z\u0142em ciernym, Prusik br\u0105zowe \u0142o\u017cysko samosmaruj\u0105ce zapewnia niezawodn\u0105 sprawno\u015b\u0107 do 81%,\u00a0 Max. \u015brednica liny: 13 mm \u0141o\u017cysko: tarcie Zgodno\u015b\u0107 z norm\u0105: CE 1019, EN 12278<\/p>\n","protected":false},"excerpt":{"rendered":"<p>Ma\u0142e ko\u0142o pasowe produkcji Singing Rock, dla tych, kt\u00f3rzy czasami musz\u0105 budowa\u0107 proste systemy ci\u0105gn\u0105ce lub manipulowa\u0107 przedmiotami. Niezb\u0119dny sprz\u0119t<\/p>\n","protected":false},"featured_media":522,"template":"","meta":[],"product_brand":[],"product_cat":[84],"product_tag":[],"class_list":{"0":"post-480","1":"product","2":"type-product","3":"status-publish","4":"has-post-thumbnail","6":"product_cat-bloczki","7":"pa_kolor-pomaranczowy","8":"pa_marka-singing-rock","9":"pa_norma-ce-1019","10":"pa_norma-en-12278","11":"pa_wytrzymalosc-22-kn","13":"first","14":"instock","15":"sale","16":"taxable","17":"shipping-taxable","18":"purchasable","19":"product-type-simple"},"_links":{"self":[{"href":"https:\/\/altosekura.com\/pl\/wp-json\/wp\/v2\/product\/480","targetHints":{"allow":["GET"]}}],"collection":[{"href":"https:\/\/altosekura.com\/pl\/wp-json\/wp\/v2\/product"}],"about":[{"href":"https:\/\/altosekura.com\/pl\/wp-json\/wp\/v2\/types\/product"}],"wp:featuredmedia":[{"embeddable":true,"href":"https:\/\/altosekura.com\/pl\/wp-json\/wp\/v2\/media\/522"}],"wp:attachment":[{"href":"https:\/\/altosekura.com\/pl\/wp-json\/wp\/v2\/media?parent=480"}],"wp:term":[{"taxonomy":"product_brand","embeddable":true,"href":"https:\/\/altosekura.com\/pl\/wp-json\/wp\/v2\/product_brand?post=480"},{"taxonomy":"product_cat","embeddable":true,"href":"https:\/\/altosekura.com\/pl\/wp-json\/wp\/v2\/product_cat?post=480"},{"taxonomy":"product_tag","embeddable":true,"href":"https:\/\/altosekura.com\/pl\/wp-json\/wp\/v2\/product_tag?post=480"}],"curies":[{"name":"wp","href":"https:\/\/api.w.org\/{rel}","templated":true}]}}