{"id":467,"date":"2024-06-30T13:18:27","date_gmt":"2024-06-30T11:18:27","guid":{"rendered":"https:\/\/altosecura.proadax-dev.pl\/p\/id-s-przyrzad-zjazdowy\/"},"modified":"2026-04-20T12:20:19","modified_gmt":"2026-04-20T10:20:19","slug":"id-s-przyrzad-zjazdowy","status":"publish","type":"product","link":"https:\/\/altosekura.com\/pl\/p\/id-s-przyrzad-zjazdowy\/","title":{"rendered":"I&#8217;D S"},"content":{"rendered":"<p style=\"text-align: justify;\">Przyrz\u0105d zjazdowy I\u2019D S jest przeznaczony przede wszystkim do pracy na wysoko\u015bci i trudnego dost\u0119pu. Jest wyposa\u017cony w ergonomiczn\u0105 r\u0105czk\u0119 umo\u017cliwiaj\u0105c\u0105 wygodn\u0105 kontrol\u0119 zjazdu. Funkcja antypaniczna oraz j\u0119zyk zabezpieczaj\u0105cy zmniejszaj\u0105 ryzyko wypadku zwi\u0105zanego ze z\u0142ym u\u017cytkowaniem. System AUTO-LOCK umo\u017cliwia \u0142atwe przyj\u0119cie pozycji na stanowisku pracy, bez konieczno\u015bci manipulacji r\u0105czk\u0105 i robienia blokady z liny. Po zablokowaniu lina mo\u017ce by\u0107 wybrana, bez konieczno\u015bci manipulacji r\u0105czk\u0105. Zapadka zabezpieczaj\u0105ca na ok\u0142adce ruchomej umo\u017cliwia wpi\u0119cie w lin\u0119 bez konieczno\u015bci wypinania z karabinka. I\u2019D S jest kompatybilny z linami od 10 do 11,5 mm i pozwala na manipulacje ci\u0119\u017carem do 250 kg.\u00a0Wzmocnienie ze stali nierdzewnej w strefie tarcia liny zwi\u0119ksza odporno\u015b\u0107 przyrz\u0105du na zu\u017cycie.<\/p>\n<p>Zgodno\u015b\u0107 z norm\u0105:<\/p>\n<ul>\n<li>EN 341 typ 2 klasa A,<\/li>\n<li>CE EN 12841 typ C,<\/li>\n<li>CE EN 15151-1,<\/li>\n<li>ANSI Z359.4,<\/li>\n<li>NFPA 1983 Technical Use,<\/li>\n<li>EAC &#8211; EN 341 typ 2 klasa A z u\u017cyciem liny PARALLEL 10,5 mm lub AXIS 11 mm,<\/li>\n<li>EN 12841 typ C z u\u017cyciem liny EN 1891 A o \u015brednicy od 10 do 11,5 mm,<\/li>\n<li>EN 15151-1 z u\u017cyciem liny\u00a0 o \u015brednicy od 9 do 11 mm,<\/li>\n<li>NFPA 1983 Technical Use z u\u017cyciem liny o \u015brednicy od 10 do 11,5 mm<\/li>\n<\/ul>\n","protected":false},"excerpt":{"rendered":"<p>Przyrz\u0105d zjazdowy I\u2019D S jest przeznaczony przede wszystkim do pracy na wysoko\u015bci i trudnego dost\u0119pu. Jest wyposa\u017cony w ergonomiczn\u0105 r\u0105czk\u0119<\/p>\n","protected":false},"featured_media":468,"template":"","meta":[],"product_brand":[],"product_cat":[93],"product_tag":[],"class_list":{"0":"post-467","1":"product","2":"type-product","3":"status-publish","4":"has-post-thumbnail","6":"product_cat-przyrzady-zjazdowe","7":"pa_marka-petzl","8":"pa_przeznaczenie-arborystyk","9":"pa_przeznaczenie-prace-wysokosciowe","10":"pa_przeznaczenie-ratownictwo","11":"pa_srednica-lin-mm-10-115","13":"first","14":"instock","15":"taxable","16":"shipping-taxable","17":"purchasable","18":"product-type-simple"},"_links":{"self":[{"href":"https:\/\/altosekura.com\/pl\/wp-json\/wp\/v2\/product\/467","targetHints":{"allow":["GET"]}}],"collection":[{"href":"https:\/\/altosekura.com\/pl\/wp-json\/wp\/v2\/product"}],"about":[{"href":"https:\/\/altosekura.com\/pl\/wp-json\/wp\/v2\/types\/product"}],"wp:featuredmedia":[{"embeddable":true,"href":"https:\/\/altosekura.com\/pl\/wp-json\/wp\/v2\/media\/468"}],"wp:attachment":[{"href":"https:\/\/altosekura.com\/pl\/wp-json\/wp\/v2\/media?parent=467"}],"wp:term":[{"taxonomy":"product_brand","embeddable":true,"href":"https:\/\/altosekura.com\/pl\/wp-json\/wp\/v2\/product_brand?post=467"},{"taxonomy":"product_cat","embeddable":true,"href":"https:\/\/altosekura.com\/pl\/wp-json\/wp\/v2\/product_cat?post=467"},{"taxonomy":"product_tag","embeddable":true,"href":"https:\/\/altosekura.com\/pl\/wp-json\/wp\/v2\/product_tag?post=467"}],"curies":[{"name":"wp","href":"https:\/\/api.w.org\/{rel}","templated":true}]}}