{"id":464,"date":"2024-06-28T13:18:27","date_gmt":"2024-06-28T11:18:27","guid":{"rendered":"https:\/\/altosecura.proadax-dev.pl\/p\/rig-przyrzad-zjazdowy\/"},"modified":"2026-03-10T15:59:10","modified_gmt":"2026-03-10T14:59:10","slug":"rig-przyrzad-zjazdowy","status":"publish","type":"product","link":"https:\/\/altosekura.com\/pl\/p\/rig-przyrzad-zjazdowy\/","title":{"rendered":"RIG"},"content":{"rendered":"<p>RIG, przyrz\u0105d zjazdowy z automatyczn\u0105 blokad\u0105, przeznaczony dla do\u015bwiadczonych u\u017cytkownik\u00f3w. Jest wyposa\u017cony w ergonomiczn\u0105 r\u0105czk\u0119 umo\u017cliwiaj\u0105c\u0105 wygodn\u0105 kontrol\u0119 zjazdu. System AUTO-LOCK umo\u017cliwia \u0142atwe przyj\u0119cie pozycji na stanowisku pracy, bez konieczno\u015bci manipulacji r\u0105czk\u0105 i robienia blokady z liny. Po zablokowaniu lina mo\u017ce by\u0107 wybrana, bez konieczno\u015bci manipulacji r\u0105czk\u0105. Zapadka zabezpieczaj\u0105ca na ok\u0142adce ruchomej umo\u017cliwia wpi\u0119cie w lin\u0119 bez konieczno\u015bci wypinania z uprz\u0119\u017cy, co u\u0142atwia przepinanie si\u0119. Wzmocnienie ze stali nierdzewnej w strefie tarcia liny zwi\u0119ksza odporno\u015b\u0107 przyrz\u0105du na zu\u017cycie. Przeznaczony do prac na linie, dla do\u015bwiadczonych u\u017cytkownik\u00f3w. Wzmocnienie ze stali nierdzewnej w strefie tarcia liny zwi\u0119ksza odporno\u015b\u0107 przyrz\u0105du na zu\u017cycie. Zjazd z ci\u0119\u017carem do 200 kg. Zgodno\u015b\u0107 z norm\u0105: EN 341 typ 2 klasa A, CE EN 12841 typ C, CE EN 15151-1, NFPA 1983 Technical Use, EAC &#8211; EN 341 typ 2 klasa A z u\u017cyciem liny PARALLEL 10,5 mm lub AXIS 11 mm, &#8211; EN 12841 typ C z u\u017cyciem liny EN 1891 A o \u015brednicy od 10 do 11,5 mm, &#8211; EN 15151-1 z u\u017cyciem liny\u00a0 o \u015brednicy od 9 do 10,5 mm, &#8211; NFPA 1983 Technical Use z u\u017cyciem liny o \u015brednicy od 10 do 11,5 mm<\/p>\n","protected":false},"excerpt":{"rendered":"<p>RIG, przyrz\u0105d zjazdowy z automatyczn\u0105 blokad\u0105, przeznaczony dla do\u015bwiadczonych u\u017cytkownik\u00f3w. Jest wyposa\u017cony w ergonomiczn\u0105 r\u0105czk\u0119 umo\u017cliwiaj\u0105c\u0105 wygodn\u0105 kontrol\u0119 zjazdu. System<\/p>\n","protected":false},"featured_media":466,"template":"","meta":[],"product_brand":[],"product_cat":[93],"product_tag":[],"class_list":{"0":"post-464","1":"product","2":"type-product","3":"status-publish","4":"has-post-thumbnail","6":"product_cat-przyrzady-zjazdowe","7":"pa_kolor-zolty","8":"pa_marka-petzl","9":"pa_norma-ce-en-12841-typ-c","10":"pa_norma-ce-en-15151-1","11":"pa_norma-en-341-typ-2-klasa-a","12":"pa_srednica-lin-mm-10-115","14":"first","15":"instock","16":"taxable","17":"shipping-taxable","18":"purchasable","19":"product-type-simple"},"_links":{"self":[{"href":"https:\/\/altosekura.com\/pl\/wp-json\/wp\/v2\/product\/464","targetHints":{"allow":["GET"]}}],"collection":[{"href":"https:\/\/altosekura.com\/pl\/wp-json\/wp\/v2\/product"}],"about":[{"href":"https:\/\/altosekura.com\/pl\/wp-json\/wp\/v2\/types\/product"}],"wp:featuredmedia":[{"embeddable":true,"href":"https:\/\/altosekura.com\/pl\/wp-json\/wp\/v2\/media\/466"}],"wp:attachment":[{"href":"https:\/\/altosekura.com\/pl\/wp-json\/wp\/v2\/media?parent=464"}],"wp:term":[{"taxonomy":"product_brand","embeddable":true,"href":"https:\/\/altosekura.com\/pl\/wp-json\/wp\/v2\/product_brand?post=464"},{"taxonomy":"product_cat","embeddable":true,"href":"https:\/\/altosekura.com\/pl\/wp-json\/wp\/v2\/product_cat?post=464"},{"taxonomy":"product_tag","embeddable":true,"href":"https:\/\/altosekura.com\/pl\/wp-json\/wp\/v2\/product_tag?post=464"}],"curies":[{"name":"wp","href":"https:\/\/api.w.org\/{rel}","templated":true}]}}