{"id":459,"date":"2024-06-27T13:18:27","date_gmt":"2024-06-27T11:18:27","guid":{"rendered":"https:\/\/altosecura.proadax-dev.pl\/p\/sir-urzadzenie-wielofunkcyjne\/"},"modified":"2026-03-10T15:59:11","modified_gmt":"2026-03-10T14:59:11","slug":"sir-urzadzenie-wielofunkcyjne","status":"publish","type":"product","link":"https:\/\/altosekura.com\/pl\/p\/sir-urzadzenie-wielofunkcyjne\/","title":{"rendered":"SIR"},"content":{"rendered":"<p>Zwarte urz\u0105dzenie wielofunkcyjne do u\u017cytku w dost\u0119pie linowym produkcji Singing Rock. Przeznaczone do zjazdu, pozycjonowania pozycji roboczej, opuszczania ci\u0119\u017ckich przedmiot\u00f3w i asekuracji. Swobodnie i p\u0142ynnie pracuj\u0105ca krzywka blokuj\u0105ca. Przyrz\u0105d si\u0119 blokuje w sytuacji szarpni\u0119cia liny w g\u00f3r\u0119, gdy przyrz\u0105d jest do niej wpi\u0119ty. Spe\u0142nia rol\u0119 blokady w regulowanej lon\u017cy D\u017awignia zwalniaj\u0105ca krzywk\u0119 posiada r\u00f3\u017cne tryby pracy. Powolny ruch d\u017awigni w d\u00f3\u0142 powoduje stopniowy przesuw liny i zjazd. Gdy d\u017awignia przeskoczy do po\u0142o\u017cenia kra\u0144cowego, zadzia\u0142a funkcja antypaniczna i krzywka zablokuje lin\u0119. Ponowna mo\u017cliwo\u015bc\u0301 przesuwu liny po zwolnieniu blokady. Stabilizacja mechanizmu krzywkowego przez stosowanie spr\u0119\u017cyny. Na obudowie instrukcja u\u017cytkowania, czytelne opisanie sposobu wpi\u0119cia liny, eliminuje niebezpiecze\u0144stwo nieprawid\u0142owego u\u017cycia. Prosta budowa oraz brak element\u00f3w plastikowych u\u0142atwia kontrol\u0119 stanu zu\u017cycia urz\u0105dzenia. Wykonana z metalu d\u017awignia testowana obci\u0105\u017ceniem 225 kg zgodnie z EN 12841 (praca w dost\u0119pie linowym).<\/p>\n<p>\u015arednica liny: 10\u201312 mm Obci\u0105\u017cenie robocze: 225 kg<\/p>\n","protected":false},"excerpt":{"rendered":"<p>Zwarte urz\u0105dzenie wielofunkcyjne do u\u017cytku w dost\u0119pie linowym produkcji Singing Rock. Przeznaczone do zjazdu, pozycjonowania pozycji roboczej, opuszczania ci\u0119\u017ckich przedmiot\u00f3w<\/p>\n","protected":false},"featured_media":517,"template":"","meta":[],"product_brand":[],"product_cat":[93],"product_tag":[],"class_list":{"0":"post-459","1":"product","2":"type-product","3":"status-publish","4":"has-post-thumbnail","6":"product_cat-przyrzady-zjazdowe","7":"pa_kolor-czarny","8":"pa_marka-singing-rock","9":"pa_norma-ce-0123","10":"pa_norma-en-12841-typ-c","11":"pa_norma-en-341-a","12":"pa_norma-en-358","13":"pa_norma-en-795-b","14":"pa_przeznaczenie-praca-w-dostepie-linowym","16":"first","17":"instock","18":"taxable","19":"shipping-taxable","20":"purchasable","21":"product-type-simple"},"_links":{"self":[{"href":"https:\/\/altosekura.com\/pl\/wp-json\/wp\/v2\/product\/459","targetHints":{"allow":["GET"]}}],"collection":[{"href":"https:\/\/altosekura.com\/pl\/wp-json\/wp\/v2\/product"}],"about":[{"href":"https:\/\/altosekura.com\/pl\/wp-json\/wp\/v2\/types\/product"}],"wp:featuredmedia":[{"embeddable":true,"href":"https:\/\/altosekura.com\/pl\/wp-json\/wp\/v2\/media\/517"}],"wp:attachment":[{"href":"https:\/\/altosekura.com\/pl\/wp-json\/wp\/v2\/media?parent=459"}],"wp:term":[{"taxonomy":"product_brand","embeddable":true,"href":"https:\/\/altosekura.com\/pl\/wp-json\/wp\/v2\/product_brand?post=459"},{"taxonomy":"product_cat","embeddable":true,"href":"https:\/\/altosekura.com\/pl\/wp-json\/wp\/v2\/product_cat?post=459"},{"taxonomy":"product_tag","embeddable":true,"href":"https:\/\/altosekura.com\/pl\/wp-json\/wp\/v2\/product_tag?post=459"}],"curies":[{"name":"wp","href":"https:\/\/api.w.org\/{rel}","templated":true}]}}