{"id":455,"date":"2024-06-29T13:18:27","date_gmt":"2024-06-29T11:18:27","guid":{"rendered":"https:\/\/altosecura.proadax-dev.pl\/p\/double-stop-plus-przyrzad-zjazdowy\/"},"modified":"2026-03-10T15:58:58","modified_gmt":"2026-03-10T14:58:58","slug":"double-stop-plus-przyrzad-zjazdowy","status":"publish","type":"product","link":"https:\/\/altosekura.com\/pl\/p\/double-stop-plus-przyrzad-zjazdowy\/","title":{"rendered":"Double Stop Plus"},"content":{"rendered":"<p>Przyrz\u0105d do zjazdu produkcji Singing Rock z podw\u00f3jnym uk\u0142adem blokowania oraz systemem antypanicznym. Blokuje si\u0119 samoczynnie w przypadku utraty kontroli nad zjazdem. Przyrz\u0105d nie posiada ruchomych ok\u0142adzin, wpi\u0119cie i wypi\u0119cie liny mo\u017cna zrealizowa\u0107 bez wypinania przyrz\u0105du z karabinka, dzi\u0119ki ruchomej krzywce. Nowy kszta\u0142t krzywki umo\u017cliwia lepsze parametry hamuj\u0105ce. Dopracowany spos\u00f3b zak\u0142adania liny do zjazdu, w przypadku b\u0142\u0119dnego za\u0142o\u017cenia przyrz\u0105d si\u0119 blokuje. Przeprojektowany uchwyt zwalniania hamulca u\u0142atwia panowanie nad pr\u0119dko\u015bci\u0105 zjazdu. R\u0105czka hamulca pokryta jest antypo\u015blizgow\u0105 ok\u0142adzin\u0105. Ergonomiczna obudowa zwi\u0119ksza komfort u\u017cytkowania. Wska\u017anik zu\u017cycia krzywki. Krzywka przesuwna \u0142o\u017cyskowana na bardzo trwa\u0142ym elemencie \u015blizgowym. Elementy maj\u0105ce kontakt z lin\u0105 w celu minimalizowania zu\u017cycia wykonane ze stali nierdzewnej.<\/p>\n<p>Zakres pracy: lina \u00d8 9\u201312mm<\/p>\n<p>Obci\u0105\u017cenia:<\/p>\n<ul>\n<li>lina \u00d8 9mm \u2013 dopuszczalne obci\u0105\u017cenie robocze 130kg;<\/li>\n<li>lina \u00d8 10\u201312mm \u2013 dopuszczalne obci\u0105\u017cenie robocze 200kg.<\/li>\n<\/ul>\n","protected":false},"excerpt":{"rendered":"<p>Przyrz\u0105d do zjazdu produkcji Singing Rock z podw\u00f3jnym uk\u0142adem blokowania oraz systemem antypanicznym. Blokuje si\u0119 samoczynnie w przypadku utraty kontroli<\/p>\n","protected":false},"featured_media":456,"template":"","meta":[],"product_brand":[],"product_cat":[93],"product_tag":[],"class_list":{"0":"post-455","1":"product","2":"type-product","3":"status-publish","4":"has-post-thumbnail","6":"product_cat-przyrzady-zjazdowe","7":"pa_kolor-czarny","8":"pa_marka-singing-rock","9":"pa_norma-ce-0123","10":"pa_norma-en-12841-typ-c","11":"pa_przeznaczenie-praca-w-dostepie-linowym","12":"pa_przeznaczenie-prace-wysokosciowe","13":"pa_przeznaczenie-ratownictwo","14":"pa_przeznaczenie-sluzby-mundurowe","15":"pa_srednica-lin-mm-9-12","17":"first","18":"instock","19":"sale","20":"taxable","21":"shipping-taxable","22":"purchasable","23":"product-type-simple"},"_links":{"self":[{"href":"https:\/\/altosekura.com\/pl\/wp-json\/wp\/v2\/product\/455","targetHints":{"allow":["GET"]}}],"collection":[{"href":"https:\/\/altosekura.com\/pl\/wp-json\/wp\/v2\/product"}],"about":[{"href":"https:\/\/altosekura.com\/pl\/wp-json\/wp\/v2\/types\/product"}],"wp:featuredmedia":[{"embeddable":true,"href":"https:\/\/altosekura.com\/pl\/wp-json\/wp\/v2\/media\/456"}],"wp:attachment":[{"href":"https:\/\/altosekura.com\/pl\/wp-json\/wp\/v2\/media?parent=455"}],"wp:term":[{"taxonomy":"product_brand","embeddable":true,"href":"https:\/\/altosekura.com\/pl\/wp-json\/wp\/v2\/product_brand?post=455"},{"taxonomy":"product_cat","embeddable":true,"href":"https:\/\/altosekura.com\/pl\/wp-json\/wp\/v2\/product_cat?post=455"},{"taxonomy":"product_tag","embeddable":true,"href":"https:\/\/altosekura.com\/pl\/wp-json\/wp\/v2\/product_tag?post=455"}],"curies":[{"name":"wp","href":"https:\/\/api.w.org\/{rel}","templated":true}]}}