{"id":453,"date":"2024-06-29T13:18:27","date_gmt":"2024-06-29T11:18:27","guid":{"rendered":"https:\/\/altosecura.proadax-dev.pl\/p\/ascension-reczny-przyrzad-zaciskowy\/"},"modified":"2026-03-10T15:58:56","modified_gmt":"2026-03-10T14:58:56","slug":"ascension-reczny-przyrzad-zaciskowy","status":"publish","type":"product","link":"https:\/\/altosekura.com\/pl\/p\/ascension-reczny-przyrzad-zaciskowy\/","title":{"rendered":"Ascension"},"content":{"rendered":"<p>Ascension, przyrz\u0105d zaciskowy do wychodzenia po linie. Posiada ergonomiczn\u0105 r\u0105czk\u0119 pokryt\u0105 elastomerem, kt\u00f3ra zapewnia jednocze\u015bnie wygodny i mocny uchwyt podczas obci\u0105\u017cania jedn\u0105 r\u0119k\u0105 lub obur\u0105cz. Przyrz\u0105d zaciskowy posiada szeroki dolny otw\u00f3r do wpi\u0119cia karabink\u00f3w lon\u017cy i p\u0119tli no\u017cnej. Prosty w u\u017cyciu i skuteczny: &#8211; ergonomiczna r\u0105czka pokryta elastomerem zapewnia jednocze\u015bnie wygodny i mocny uchwyt &#8211; szeroki otw\u00f3r, dzi\u0119ki kt\u00f3remu mo\u017cna \u0142atwo chwyci\u0107 r\u0105czk\u0119, nawet w r\u0119kawiczkach &#8211; g\u00f3rna, ergonomiczna, cz\u0119\u015b\u0107 przyrz\u0105du pozwala na u\u017cycie maksymalnej si\u0142y podczas ci\u0105gni\u0119cia obur\u0105cz &#8211; zapadka ca\u0142kowicie zintegrowana z obudow\u0105 przyrz\u0105du zaciskowego, dla zmniejszenia ryzyka przypadkowego zaczepienia &#8211; j\u0119zyk blokuj\u0105cy, ze szczelin\u0105 i uko\u015bnymi z\u0119bami, dobrze funkcjonuje niezale\u017cnie od warunk\u00f3w (lina zalodzona, zab\u0142ocona itd.) &#8211; szeroki dolny otw\u00f3r do wpi\u0119cia karabink\u00f3w lon\u017cy PROGRESS ADJUST lub PROGRESS i p\u0119tli no\u017cnej FOOTAPE lub FOOTCORD &#8211; g\u00f3rny otw\u00f3r do wpi\u0119cia liny karabinkiem. Dost\u0119pny w wersji dla prawo i lewor\u0119cznych. Funkcjonuje na linach pojedynczych o \u015brednicy od 8 do 13 mm. Zgodno\u015b\u0107 z norm\u0105: CE EN 567, CE EN 12841 typ B<\/p>\n","protected":false},"excerpt":{"rendered":"<p>Ascension, przyrz\u0105d zaciskowy do wychodzenia po linie. Posiada ergonomiczn\u0105 r\u0105czk\u0119 pokryt\u0105 elastomerem, kt\u00f3ra zapewnia jednocze\u015bnie wygodny i mocny uchwyt podczas<\/p>\n","protected":false},"featured_media":454,"template":"","meta":[],"product_brand":[],"product_cat":[92],"product_tag":[],"class_list":{"0":"post-453","1":"product","2":"type-product","3":"status-publish","4":"has-post-thumbnail","6":"product_cat-przyrzady-zaciskowe","7":"pa_kolor-zolty","8":"pa_marka-petzl","9":"pa_norma-en-5672013","10":"pa_norma-en128412006-b","11":"pa_srednica-lin-mm-8-13","13":"first","14":"instock","15":"taxable","16":"shipping-taxable","17":"purchasable","18":"product-type-variable","19":"has-default-attributes"},"_links":{"self":[{"href":"https:\/\/altosekura.com\/pl\/wp-json\/wp\/v2\/product\/453","targetHints":{"allow":["GET"]}}],"collection":[{"href":"https:\/\/altosekura.com\/pl\/wp-json\/wp\/v2\/product"}],"about":[{"href":"https:\/\/altosekura.com\/pl\/wp-json\/wp\/v2\/types\/product"}],"wp:featuredmedia":[{"embeddable":true,"href":"https:\/\/altosekura.com\/pl\/wp-json\/wp\/v2\/media\/454"}],"wp:attachment":[{"href":"https:\/\/altosekura.com\/pl\/wp-json\/wp\/v2\/media?parent=453"}],"wp:term":[{"taxonomy":"product_brand","embeddable":true,"href":"https:\/\/altosekura.com\/pl\/wp-json\/wp\/v2\/product_brand?post=453"},{"taxonomy":"product_cat","embeddable":true,"href":"https:\/\/altosekura.com\/pl\/wp-json\/wp\/v2\/product_cat?post=453"},{"taxonomy":"product_tag","embeddable":true,"href":"https:\/\/altosekura.com\/pl\/wp-json\/wp\/v2\/product_tag?post=453"}],"curies":[{"name":"wp","href":"https:\/\/api.w.org\/{rel}","templated":true}]}}