{"id":450,"date":"2024-06-30T13:18:27","date_gmt":"2024-06-30T11:18:27","guid":{"rendered":"https:\/\/altosecura.proadax-dev.pl\/p\/lift-reczny-przyrzad-zaciskowy\/"},"modified":"2026-03-10T15:59:07","modified_gmt":"2026-03-10T14:59:07","slug":"lift-reczny-przyrzad-zaciskowy","status":"publish","type":"product","link":"https:\/\/altosekura.com\/pl\/p\/lift-reczny-przyrzad-zaciskowy\/","title":{"rendered":"LIFT &#8211; r\u0119czny przyrz\u0105d zaciskowy"},"content":{"rendered":"<p>Przyrz\u0105d zaciskowy produkcji Singing Rock do stosowania podczas wychodzenia po linie, jak i wspomagaj\u0105cy prac\u0119 podczas transportu pionowego lub czynno\u015bci ratowniczych. Ergonomiczny uchwyt, romboidalny otw\u00f3r do wpinania dw\u00f3ch karabink\u00f3w powoduje, \u017ce LIFT to \u015bwietny przyrz\u0105d dla wspinaczy, pracownik\u00f3w wysoko\u015bciowych lub si\u0142 specjalnych. Dost\u0119pny w wariancie uchwytu na lew\u0105 r\u0119k\u0119 dla lewor\u0119cznych lub praw\u0105 r\u0119k\u0119 dla prawor\u0119cznych. Krzywka blokuj\u0105ca z kolcami, wykonana ze stali nierdzewnej. \u015awietnie profilowany i pokryty antypo\u015blizgowym materia\u0142em uchwyt. W g\u00f3rnej cz\u0119\u015bci korpusu naniesiona instrukcja u\u017cytkowania. Wyprofilowany dolny otw\u00f3r do wpinania dw\u00f3ch karabink\u00f3w.<\/p>\n<p>Zastosowanie:<\/p>\n<ul>\n<li>Zgodnie z EN 12841: Lina statyczna \u2205 10\u201313 mm<\/li>\n<li>Zgodnie z EN 567: Lina \u2205 8\u201313 mm<\/li>\n<\/ul>\n","protected":false},"excerpt":{"rendered":"<p>Przyrz\u0105d zaciskowy produkcji Singing Rock do stosowania podczas wychodzenia po linie, jak i wspomagaj\u0105cy prac\u0119 podczas transportu pionowego lub czynno\u015bci<\/p>\n","protected":false},"featured_media":451,"template":"","meta":[],"product_brand":[],"product_cat":[92,99],"product_tag":[],"class_list":{"0":"post-450","1":"product","2":"type-product","3":"status-publish","4":"has-post-thumbnail","6":"product_cat-przyrzady-zaciskowe","7":"product_cat-wyprzedaz","8":"pa_kolor-czarny-matowy","9":"pa_marka-singing-rock","10":"pa_norma-en-12841-typ-b","11":"pa_norma-en-567","13":"first","14":"instock","15":"sale","16":"taxable","17":"shipping-taxable","18":"purchasable","19":"product-type-variable"},"_links":{"self":[{"href":"https:\/\/altosekura.com\/pl\/wp-json\/wp\/v2\/product\/450","targetHints":{"allow":["GET"]}}],"collection":[{"href":"https:\/\/altosekura.com\/pl\/wp-json\/wp\/v2\/product"}],"about":[{"href":"https:\/\/altosekura.com\/pl\/wp-json\/wp\/v2\/types\/product"}],"wp:featuredmedia":[{"embeddable":true,"href":"https:\/\/altosekura.com\/pl\/wp-json\/wp\/v2\/media\/451"}],"wp:attachment":[{"href":"https:\/\/altosekura.com\/pl\/wp-json\/wp\/v2\/media?parent=450"}],"wp:term":[{"taxonomy":"product_brand","embeddable":true,"href":"https:\/\/altosekura.com\/pl\/wp-json\/wp\/v2\/product_brand?post=450"},{"taxonomy":"product_cat","embeddable":true,"href":"https:\/\/altosekura.com\/pl\/wp-json\/wp\/v2\/product_cat?post=450"},{"taxonomy":"product_tag","embeddable":true,"href":"https:\/\/altosekura.com\/pl\/wp-json\/wp\/v2\/product_tag?post=450"}],"curies":[{"name":"wp","href":"https:\/\/api.w.org\/{rel}","templated":true}]}}