{"id":448,"date":"2024-06-27T13:18:15","date_gmt":"2024-06-27T11:18:15","guid":{"rendered":"https:\/\/altosecura.proadax-dev.pl\/p\/croll-s-piersiowy-przyrzad-asekuracyjny\/"},"modified":"2026-03-10T15:58:58","modified_gmt":"2026-03-10T14:58:58","slug":"croll-s-piersiowy-przyrzad-asekuracyjny","status":"publish","type":"product","link":"https:\/\/altosekura.com\/pl\/p\/croll-s-piersiowy-przyrzad-asekuracyjny\/","title":{"rendered":"Croll"},"content":{"rendered":"<p>CROLL zapewnia niepor\u00f3wnywaln\u0105 skuteczno\u015b\u0107 przy wychodzeniu na linach sztywnych. Zwarty i lekki, nie przeszkadza przy przemieszczaniu si\u0119. P\u0142ytka ze stali nierdzewnej zwi\u0119ksza odporno\u015b\u0107 na zu\u017cycie, chroni\u0105c stref\u0119 tarcia liny. J\u0119zyk blokuj\u0105cy, ze szczelin\u0105 i uko\u015bnymi z\u0119bami, dobrze funkcjonuje niezale\u017cnie od warunk\u00f3w (lina zalodzona, zab\u0142ocona itd). J\u0119zyk blokuj\u0105cy wykonany ze stali nierdzewnej dla wi\u0119kszej odporno\u015bci na korozj\u0119. Strefa tarcia liny zosta\u0142a wzmocniona elementem ze stali nierdzewnej. \u0141atwe i proste otwarcie zapadki przez uchwycenie dwoma palcami. Dolny otw\u00f3r skr\u0119cony dla zachowania pozycji przyrz\u0105du. G\u00f3rny otw\u00f3r do zamocowania szelek TORSE i stabilizacji przyrz\u0105du.<\/p>\n","protected":false},"excerpt":{"rendered":"<p>CROLL zapewnia niepor\u00f3wnywaln\u0105 skuteczno\u015b\u0107 przy wychodzeniu na linach sztywnych. Zwarty i lekki, nie przeszkadza przy przemieszczaniu si\u0119. P\u0142ytka ze stali<\/p>\n","protected":false},"featured_media":449,"template":"","meta":[],"product_brand":[],"product_cat":[92],"product_tag":[],"class_list":{"0":"post-448","1":"product","2":"type-product","3":"status-publish","4":"has-post-thumbnail","6":"product_cat-przyrzady-zaciskowe","7":"pa_kolor-pomaranczowy","8":"pa_marka-petzl","9":"pa_norma-pn-en-567","11":"first","12":"instock","13":"taxable","14":"shipping-taxable","15":"purchasable","16":"product-type-variable"},"_links":{"self":[{"href":"https:\/\/altosekura.com\/pl\/wp-json\/wp\/v2\/product\/448","targetHints":{"allow":["GET"]}}],"collection":[{"href":"https:\/\/altosekura.com\/pl\/wp-json\/wp\/v2\/product"}],"about":[{"href":"https:\/\/altosekura.com\/pl\/wp-json\/wp\/v2\/types\/product"}],"wp:featuredmedia":[{"embeddable":true,"href":"https:\/\/altosekura.com\/pl\/wp-json\/wp\/v2\/media\/449"}],"wp:attachment":[{"href":"https:\/\/altosekura.com\/pl\/wp-json\/wp\/v2\/media?parent=448"}],"wp:term":[{"taxonomy":"product_brand","embeddable":true,"href":"https:\/\/altosekura.com\/pl\/wp-json\/wp\/v2\/product_brand?post=448"},{"taxonomy":"product_cat","embeddable":true,"href":"https:\/\/altosekura.com\/pl\/wp-json\/wp\/v2\/product_cat?post=448"},{"taxonomy":"product_tag","embeddable":true,"href":"https:\/\/altosekura.com\/pl\/wp-json\/wp\/v2\/product_tag?post=448"}],"curies":[{"name":"wp","href":"https:\/\/api.w.org\/{rel}","templated":true}]}}