{"id":447,"date":"2024-06-28T13:18:15","date_gmt":"2024-06-28T11:18:15","guid":{"rendered":"https:\/\/altosecura.proadax-dev.pl\/p\/cam-clean-piersiowy-przyrzad-zaciskowy\/"},"modified":"2026-04-18T14:35:17","modified_gmt":"2026-04-18T12:35:17","slug":"cam-clean-piersiowy-przyrzad-zaciskowy","status":"publish","type":"product","link":"https:\/\/altosekura.com\/pl\/p\/cam-clean-piersiowy-przyrzad-zaciskowy\/","title":{"rendered":"Cam Clean"},"content":{"rendered":"<p>Lekki i kompaktowy piersiowy przyrz\u0105d zaciskowy, zapewniaj\u0105cy bezpieczny i p\u0142ynny przesuw po linie, do stosowania w technikach linowych oraz ratownictwie. Szybkie i proste wpinanie w lin\u0119. Dolny otw\u00f3r do wpinania w uprz\u0105\u017c umieszczony w wyprofilowanej p\u0142askiej cz\u0119\u015bci obudowy, by przyrz\u0105d przylega\u0142 do cia\u0142a. Krzywka blokuj\u0105ca z wyprofilowanymi kolcami doskonale wsp\u00f3\u0142pracuje z brudnymi lub zalodzonymi linami. W celu zwi\u0119kszenia odporno\u015bci na warunki atmosferyczne wykonana ze stali nierdzewnej. G\u00f3rny otw\u00f3r w obudowie s\u0142u\u017cy mi\u0119dzy innymi do wpi\u0119cia ta\u015bmy pozycjonuj\u0105cej PULLER. Zastosowanie:<\/p>\n<ul>\n<li>Norma EN 12841 \u2013 Liny statyczne \u2205 10\u201313 mm<\/li>\n<li>Norma EN 567 \u2013 Liny \u2205 8\u201313 mm<\/li>\n<\/ul>\n<p>Zgodno\u015b\u0107 z norm\u0105:\u00a0EN 567 EN 12841 type B<\/p>\n","protected":false},"excerpt":{"rendered":"<p>Lekki i kompaktowy piersiowy przyrz\u0105d zaciskowy, zapewniaj\u0105cy bezpieczny i p\u0142ynny przesuw po linie, do stosowania w technikach linowych oraz ratownictwie.<\/p>\n","protected":false},"featured_media":512,"template":"","meta":[],"product_brand":[],"product_cat":[92],"product_tag":[],"class_list":{"0":"post-447","1":"product","2":"type-product","3":"status-publish","4":"has-post-thumbnail","6":"product_cat-przyrzady-zaciskowe","7":"pa_kolor-czarny","8":"pa_marka-singing-rock","9":"pa_przeznaczenie-praca-w-dostepie-linowym","10":"pa_przeznaczenie-prace-wysokosciowe","11":"pa_przeznaczenie-ratownictwo","12":"pa_przeznaczenie-sluzby-mundurowe","13":"pa_wytrzymalosc-100-kn","15":"first","16":"instock","17":"sale","18":"taxable","19":"shipping-taxable","20":"purchasable","21":"product-type-simple"},"_links":{"self":[{"href":"https:\/\/altosekura.com\/pl\/wp-json\/wp\/v2\/product\/447","targetHints":{"allow":["GET"]}}],"collection":[{"href":"https:\/\/altosekura.com\/pl\/wp-json\/wp\/v2\/product"}],"about":[{"href":"https:\/\/altosekura.com\/pl\/wp-json\/wp\/v2\/types\/product"}],"wp:featuredmedia":[{"embeddable":true,"href":"https:\/\/altosekura.com\/pl\/wp-json\/wp\/v2\/media\/512"}],"wp:attachment":[{"href":"https:\/\/altosekura.com\/pl\/wp-json\/wp\/v2\/media?parent=447"}],"wp:term":[{"taxonomy":"product_brand","embeddable":true,"href":"https:\/\/altosekura.com\/pl\/wp-json\/wp\/v2\/product_brand?post=447"},{"taxonomy":"product_cat","embeddable":true,"href":"https:\/\/altosekura.com\/pl\/wp-json\/wp\/v2\/product_cat?post=447"},{"taxonomy":"product_tag","embeddable":true,"href":"https:\/\/altosekura.com\/pl\/wp-json\/wp\/v2\/product_tag?post=447"}],"curies":[{"name":"wp","href":"https:\/\/api.w.org\/{rel}","templated":true}]}}