{"id":436,"date":"2024-06-21T13:18:15","date_gmt":"2024-06-21T11:18:15","guid":{"rendered":"https:\/\/altosecura.proadax-dev.pl\/p\/defender-oslona-na-line-z-dopieciem\/"},"modified":"2026-03-10T15:58:58","modified_gmt":"2026-03-10T14:58:58","slug":"defender-oslona-na-line-z-dopieciem","status":"publish","type":"product","link":"https:\/\/altosekura.com\/pl\/p\/defender-oslona-na-line-z-dopieciem\/","title":{"rendered":"Defender"},"content":{"rendered":"<p>Os\u0142ona zapobiegaj\u0105ca przetarciu liny podczas kontaktu z ostrymi i szorstkimi kraw\u0119dziami produkcji Singing Rock. Mie\u015bci dwie \u017cy\u0142y.<\/p>\n","protected":false},"excerpt":{"rendered":"<p>Os\u0142ona zapobiegaj\u0105ca przetarciu liny podczas kontaktu z ostrymi i szorstkimi kraw\u0119dziami produkcji Singing Rock. Mie\u015bci dwie \u017cy\u0142y.<\/p>\n","protected":false},"featured_media":3892,"template":"","meta":[],"product_brand":[],"product_cat":[79,99],"product_tag":[],"class_list":{"0":"post-436","1":"product","2":"type-product","3":"status-publish","4":"has-post-thumbnail","6":"product_cat-akcesoria","7":"product_cat-wyprzedaz","8":"pa_kolor-czarny","9":"pa_marka-singing-rock","11":"first","12":"instock","13":"sale","14":"taxable","15":"shipping-taxable","16":"purchasable","17":"product-type-simple"},"_links":{"self":[{"href":"https:\/\/altosekura.com\/pl\/wp-json\/wp\/v2\/product\/436","targetHints":{"allow":["GET"]}}],"collection":[{"href":"https:\/\/altosekura.com\/pl\/wp-json\/wp\/v2\/product"}],"about":[{"href":"https:\/\/altosekura.com\/pl\/wp-json\/wp\/v2\/types\/product"}],"wp:featuredmedia":[{"embeddable":true,"href":"https:\/\/altosekura.com\/pl\/wp-json\/wp\/v2\/media\/3892"}],"wp:attachment":[{"href":"https:\/\/altosekura.com\/pl\/wp-json\/wp\/v2\/media?parent=436"}],"wp:term":[{"taxonomy":"product_brand","embeddable":true,"href":"https:\/\/altosekura.com\/pl\/wp-json\/wp\/v2\/product_brand?post=436"},{"taxonomy":"product_cat","embeddable":true,"href":"https:\/\/altosekura.com\/pl\/wp-json\/wp\/v2\/product_cat?post=436"},{"taxonomy":"product_tag","embeddable":true,"href":"https:\/\/altosekura.com\/pl\/wp-json\/wp\/v2\/product_tag?post=436"}],"curies":[{"name":"wp","href":"https:\/\/api.w.org\/{rel}","templated":true}]}}