{"id":435,"date":"2024-06-22T13:18:15","date_gmt":"2024-06-22T11:18:15","guid":{"rendered":"https:\/\/altosecura.proadax-dev.pl\/p\/rope-protektor-oslona-na-line\/"},"modified":"2026-03-10T15:59:11","modified_gmt":"2026-03-10T14:59:11","slug":"rope-protektor-oslona-na-line","status":"publish","type":"product","link":"https:\/\/altosekura.com\/pl\/p\/rope-protektor-oslona-na-line\/","title":{"rendered":"Rope Protector"},"content":{"rendered":"<p>Os\u0142ona zapobiegaj\u0105ca przetarciu liny podczas kontaktu z ostrymi i szorstkimi kraw\u0119dziami produkcji Singing Rock.<\/p>\n","protected":false},"excerpt":{"rendered":"<p>Os\u0142ona zapobiegaj\u0105ca przetarciu liny podczas kontaktu z ostrymi i szorstkimi kraw\u0119dziami produkcji Singing Rock.<\/p>\n","protected":false},"featured_media":390,"template":"","meta":[],"product_brand":[],"product_cat":[79],"product_tag":[],"class_list":{"0":"post-435","1":"product","2":"type-product","3":"status-publish","4":"has-post-thumbnail","6":"product_cat-akcesoria","7":"pa_kolor-czarno-czerwony","8":"pa_marka-singing-rock","10":"first","11":"instock","12":"taxable","13":"shipping-taxable","14":"product-type-variable"},"_links":{"self":[{"href":"https:\/\/altosekura.com\/pl\/wp-json\/wp\/v2\/product\/435","targetHints":{"allow":["GET"]}}],"collection":[{"href":"https:\/\/altosekura.com\/pl\/wp-json\/wp\/v2\/product"}],"about":[{"href":"https:\/\/altosekura.com\/pl\/wp-json\/wp\/v2\/types\/product"}],"wp:featuredmedia":[{"embeddable":true,"href":"https:\/\/altosekura.com\/pl\/wp-json\/wp\/v2\/media\/390"}],"wp:attachment":[{"href":"https:\/\/altosekura.com\/pl\/wp-json\/wp\/v2\/media?parent=435"}],"wp:term":[{"taxonomy":"product_brand","embeddable":true,"href":"https:\/\/altosekura.com\/pl\/wp-json\/wp\/v2\/product_brand?post=435"},{"taxonomy":"product_cat","embeddable":true,"href":"https:\/\/altosekura.com\/pl\/wp-json\/wp\/v2\/product_cat?post=435"},{"taxonomy":"product_tag","embeddable":true,"href":"https:\/\/altosekura.com\/pl\/wp-json\/wp\/v2\/product_tag?post=435"}],"curies":[{"name":"wp","href":"https:\/\/api.w.org\/{rel}","templated":true}]}}