{"id":434,"date":"2024-05-14T13:18:15","date_gmt":"2024-05-14T11:18:15","guid":{"rendered":"https:\/\/altosecura.proadax-dev.pl\/p\/combii-ii-trojkat-ewakuacyjny\/"},"modified":"2026-03-10T15:59:00","modified_gmt":"2026-03-10T14:59:00","slug":"combii-ii-trojkat-ewakuacyjny","status":"publish","type":"product","link":"https:\/\/altosekura.com\/pl\/p\/combii-ii-trojkat-ewakuacyjny\/","title":{"rendered":"Tr\u00f3jk\u0105t Ewakuacyjny Combii II"},"content":{"rendered":"<p>Tr\u00f3jk\u0105t ewakuacyjny produkcji Singing Rock z szelkami do ratowania os\u00f3b z wyci\u0105gu krzese\u0142kowego lub kolejki linowej. W celu zwi\u0119kszenia bezpiecze\u0144stwa ratowanego tr\u00f3jk\u0105t posiada szelki. Szelki s\u0105 zr\u00f3\u017cnicowane kolorami w celu u\u0142atwienia za\u0142o\u017cenia tr\u00f3jk\u0105ta. Wytrzyma\u0142e stalowe punkty do wpi\u0119cia asekuracji. Wygodny i prosty spos\u00f3b zak\u0142adania. Regulowana ta\u015bma przechodz\u0105ca przez krok. Wykonany z trwa\u0142ego materia\u0142u Ripstop. Tylko dla cel\u00f3w ratowniczych\/ewakuacyjnych.<\/p>\n","protected":false},"excerpt":{"rendered":"<p>Tr\u00f3jk\u0105t ewakuacyjny produkcji Singing Rock z szelkami do ratowania os\u00f3b z wyci\u0105gu krzese\u0142kowego lub kolejki linowej. W celu zwi\u0119kszenia bezpiecze\u0144stwa<\/p>\n","protected":false},"featured_media":3729,"template":"","meta":[],"product_brand":[],"product_cat":[79,99],"product_tag":[],"class_list":{"0":"post-434","1":"product","2":"type-product","3":"status-publish","4":"has-post-thumbnail","6":"product_cat-akcesoria","7":"product_cat-wyprzedaz","8":"pa_kolor-zolty","9":"pa_marka-singing-rock","10":"pa_norma-en-1497","11":"pa_norma-en-1498","12":"pa_przeznaczenie-ewakuacja","13":"pa_przeznaczenie-ratownictwo","14":"pa_rozmiar-uniwersalny","16":"first","17":"outofstock","18":"sale","19":"taxable","20":"shipping-taxable","21":"purchasable","22":"product-type-simple"},"_links":{"self":[{"href":"https:\/\/altosekura.com\/pl\/wp-json\/wp\/v2\/product\/434","targetHints":{"allow":["GET"]}}],"collection":[{"href":"https:\/\/altosekura.com\/pl\/wp-json\/wp\/v2\/product"}],"about":[{"href":"https:\/\/altosekura.com\/pl\/wp-json\/wp\/v2\/types\/product"}],"wp:featuredmedia":[{"embeddable":true,"href":"https:\/\/altosekura.com\/pl\/wp-json\/wp\/v2\/media\/3729"}],"wp:attachment":[{"href":"https:\/\/altosekura.com\/pl\/wp-json\/wp\/v2\/media?parent=434"}],"wp:term":[{"taxonomy":"product_brand","embeddable":true,"href":"https:\/\/altosekura.com\/pl\/wp-json\/wp\/v2\/product_brand?post=434"},{"taxonomy":"product_cat","embeddable":true,"href":"https:\/\/altosekura.com\/pl\/wp-json\/wp\/v2\/product_cat?post=434"},{"taxonomy":"product_tag","embeddable":true,"href":"https:\/\/altosekura.com\/pl\/wp-json\/wp\/v2\/product_tag?post=434"}],"curies":[{"name":"wp","href":"https:\/\/api.w.org\/{rel}","templated":true}]}}