{"id":431,"date":"2024-06-18T13:18:15","date_gmt":"2024-06-18T11:18:15","guid":{"rendered":"https:\/\/altosecura.proadax-dev.pl\/p\/footer-ii\/"},"modified":"2026-03-10T15:59:02","modified_gmt":"2026-03-10T14:59:02","slug":"footer-ii","status":"publish","type":"product","link":"https:\/\/altosekura.com\/pl\/p\/footer-ii\/","title":{"rendered":"Footer II"},"content":{"rendered":"<p>Ta\u015bma no\u017cna regulowana produkcji Singing Rock, wspomagaj\u0105ca wychodzenie po linie, bez karabinka Maillon. Klamra stalowa Rock&amp;Lock. Maksymalne obci\u0105\u017cenie: 200 kg<\/p>\n","protected":false},"excerpt":{"rendered":"<p>Ta\u015bma no\u017cna regulowana produkcji Singing Rock, wspomagaj\u0105ca wychodzenie po linie, bez karabinka Maillon. Klamra stalowa Rock&amp;Lock. Maksymalne obci\u0105\u017cenie: 200 kg<\/p>\n","protected":false},"featured_media":382,"template":"","meta":[],"product_brand":[],"product_cat":[79],"product_tag":[],"class_list":{"0":"post-431","1":"product","2":"type-product","3":"status-publish","4":"has-post-thumbnail","6":"product_cat-akcesoria","7":"pa_kolor-czarny","8":"pa_marka-singing-rock","10":"first","11":"instock","12":"taxable","13":"shipping-taxable","14":"purchasable","15":"product-type-simple"},"_links":{"self":[{"href":"https:\/\/altosekura.com\/pl\/wp-json\/wp\/v2\/product\/431","targetHints":{"allow":["GET"]}}],"collection":[{"href":"https:\/\/altosekura.com\/pl\/wp-json\/wp\/v2\/product"}],"about":[{"href":"https:\/\/altosekura.com\/pl\/wp-json\/wp\/v2\/types\/product"}],"wp:featuredmedia":[{"embeddable":true,"href":"https:\/\/altosekura.com\/pl\/wp-json\/wp\/v2\/media\/382"}],"wp:attachment":[{"href":"https:\/\/altosekura.com\/pl\/wp-json\/wp\/v2\/media?parent=431"}],"wp:term":[{"taxonomy":"product_brand","embeddable":true,"href":"https:\/\/altosekura.com\/pl\/wp-json\/wp\/v2\/product_brand?post=431"},{"taxonomy":"product_cat","embeddable":true,"href":"https:\/\/altosekura.com\/pl\/wp-json\/wp\/v2\/product_cat?post=431"},{"taxonomy":"product_tag","embeddable":true,"href":"https:\/\/altosekura.com\/pl\/wp-json\/wp\/v2\/product_tag?post=431"}],"curies":[{"name":"wp","href":"https:\/\/api.w.org\/{rel}","templated":true}]}}