{"id":428,"date":"2024-06-23T12:18:15","date_gmt":"2024-06-23T10:18:15","guid":{"rendered":"https:\/\/altosecura.proadax-dev.pl\/p\/laweczka-franklin\/"},"modified":"2026-03-10T15:59:02","modified_gmt":"2026-03-10T14:59:02","slug":"laweczka-franklin","status":"publish","type":"product","link":"https:\/\/altosekura.com\/pl\/p\/laweczka-franklin\/","title":{"rendered":"\u0141aweczka Franklin"},"content":{"rendered":"<p>\u0141aweczka robocza dla zwi\u0119kszenia komfortu podczas prac w zwisie produkcji Singing Rock. Dostosowana do u\u017cytkowania z uprz\u0119\u017cami Singing Rock, zabezpieczaj\u0105cymi przed upadkiem z wysoko\u015bci lub uprz\u0119\u017cami do pracy w podparciu. Klamry Rock &amp; Lock zapewniaj\u0105 doskona\u0142\u0105 i \u0142atw\u0105 regulacj\u0119. Ta\u015bmy regulacyjne s\u0105 tak dobrane, aby mniejszy u\u017cytkownik nie mia\u0142 problem\u00f3w z jej dopasowaniem do swoich potrzeb. Konstrukcja no\u015bna wykonana jest z lekkiego stopu aluminium, nie ulega deformacji, co wyd\u0142u\u017ca okres u\u017cytkowania . Szerokie siedzisko zapewnia dobr\u0105 stabilno\u015b\u0107 i komfort podczas u\u017cytkowania. Ta\u015bmy no\u015bne nie wywieraj\u0105 nacisku na uda. Trzy kolucha sprz\u0119towe (obci\u0105\u017cenie do 50 kg) s\u0105 doskonale przystosowane do wpinania narz\u0119dzi oraz innych akcesori\u00f3w.<\/p>\n","protected":false},"excerpt":{"rendered":"<p>\u0141aweczka robocza dla zwi\u0119kszenia komfortu podczas prac w zwisie produkcji Singing Rock. Dostosowana do u\u017cytkowania z uprz\u0119\u017cami Singing Rock, zabezpieczaj\u0105cymi<\/p>\n","protected":false},"featured_media":376,"template":"","meta":[],"product_brand":[],"product_cat":[79],"product_tag":[],"class_list":{"0":"post-428","1":"product","2":"type-product","3":"status-publish","4":"has-post-thumbnail","6":"product_cat-akcesoria","7":"pa_kolor-czarno-zolty","8":"pa_marka-singing-rock","9":"pa_przeznaczenie-praca-w-dostepie-linowym","10":"pa_przeznaczenie-praca-w-podparciu","11":"pa_przeznaczenie-sluzby-mundurowe","13":"first","14":"instock","15":"taxable","16":"shipping-taxable","17":"purchasable","18":"product-type-simple"},"_links":{"self":[{"href":"https:\/\/altosekura.com\/pl\/wp-json\/wp\/v2\/product\/428","targetHints":{"allow":["GET"]}}],"collection":[{"href":"https:\/\/altosekura.com\/pl\/wp-json\/wp\/v2\/product"}],"about":[{"href":"https:\/\/altosekura.com\/pl\/wp-json\/wp\/v2\/types\/product"}],"wp:featuredmedia":[{"embeddable":true,"href":"https:\/\/altosekura.com\/pl\/wp-json\/wp\/v2\/media\/376"}],"wp:attachment":[{"href":"https:\/\/altosekura.com\/pl\/wp-json\/wp\/v2\/media?parent=428"}],"wp:term":[{"taxonomy":"product_brand","embeddable":true,"href":"https:\/\/altosekura.com\/pl\/wp-json\/wp\/v2\/product_brand?post=428"},{"taxonomy":"product_cat","embeddable":true,"href":"https:\/\/altosekura.com\/pl\/wp-json\/wp\/v2\/product_cat?post=428"},{"taxonomy":"product_tag","embeddable":true,"href":"https:\/\/altosekura.com\/pl\/wp-json\/wp\/v2\/product_tag?post=428"}],"curies":[{"name":"wp","href":"https:\/\/api.w.org\/{rel}","templated":true}]}}