{"id":427,"date":"2024-06-15T13:18:15","date_gmt":"2024-06-15T11:18:15","guid":{"rendered":"https:\/\/altosecura.proadax-dev.pl\/p\/tool-holder-uchwyt-narzedziowy\/"},"modified":"2026-03-10T15:59:14","modified_gmt":"2026-03-10T14:59:14","slug":"tool-holder-uchwyt-narzedziowy","status":"publish","type":"product","link":"https:\/\/altosekura.com\/pl\/p\/tool-holder-uchwyt-narzedziowy\/","title":{"rendered":"Tool Holder"},"content":{"rendered":"<p>Elastyczna, rozci\u0105gliwa lon\u017ca pomocnicza produkcji Singing Rock do mocowania narz\u0119dzia do uprz\u0119\u017cy, co uniemo\u017cliwia jego utrat\u0119. Przemy\u015blana, aby zapewni\u0107 wygodn\u0105 i bezpieczn\u0105 prac\u0119 z narz\u0119dziami na wysoko\u015bci. Wytrzyma\u0142a i elastyczna. Mocowanie przy pomocy karabinka lub kluczk\u0105 zaci\u0105gaj\u0105c\u0105 stalowe k\u00f3\u0142ko u\u0142atwia przypinanie na kr\u00f3tko narz\u0119dzi. Maksymalny zasi\u0119g lon\u017cy 130 cm. Materia\u0142: PES, PAD, stal, w\u0142\u00f3kno elastyczne. Obci\u0105\u017cenie: 3 kg<\/p>\n","protected":false},"excerpt":{"rendered":"<p>Elastyczna, rozci\u0105gliwa lon\u017ca pomocnicza produkcji Singing Rock do mocowania narz\u0119dzia do uprz\u0119\u017cy, co uniemo\u017cliwia jego utrat\u0119. Przemy\u015blana, aby zapewni\u0107 wygodn\u0105<\/p>\n","protected":false},"featured_media":3877,"template":"","meta":[],"product_brand":[],"product_cat":[79],"product_tag":[],"class_list":{"0":"post-427","1":"product","2":"type-product","3":"status-publish","4":"has-post-thumbnail","6":"product_cat-akcesoria","7":"pa_kolor-czarno-zolty","8":"pa_marka-singing-rock","10":"first","11":"instock","12":"taxable","13":"shipping-taxable","14":"purchasable","15":"product-type-simple"},"_links":{"self":[{"href":"https:\/\/altosekura.com\/pl\/wp-json\/wp\/v2\/product\/427","targetHints":{"allow":["GET"]}}],"collection":[{"href":"https:\/\/altosekura.com\/pl\/wp-json\/wp\/v2\/product"}],"about":[{"href":"https:\/\/altosekura.com\/pl\/wp-json\/wp\/v2\/types\/product"}],"wp:featuredmedia":[{"embeddable":true,"href":"https:\/\/altosekura.com\/pl\/wp-json\/wp\/v2\/media\/3877"}],"wp:attachment":[{"href":"https:\/\/altosekura.com\/pl\/wp-json\/wp\/v2\/media?parent=427"}],"wp:term":[{"taxonomy":"product_brand","embeddable":true,"href":"https:\/\/altosekura.com\/pl\/wp-json\/wp\/v2\/product_brand?post=427"},{"taxonomy":"product_cat","embeddable":true,"href":"https:\/\/altosekura.com\/pl\/wp-json\/wp\/v2\/product_cat?post=427"},{"taxonomy":"product_tag","embeddable":true,"href":"https:\/\/altosekura.com\/pl\/wp-json\/wp\/v2\/product_tag?post=427"}],"curies":[{"name":"wp","href":"https:\/\/api.w.org\/{rel}","templated":true}]}}