{"id":423,"date":"2024-06-16T13:17:49","date_gmt":"2024-06-16T11:17:49","guid":{"rendered":"https:\/\/altosecura.proadax-dev.pl\/p\/noz-culter\/"},"modified":"2026-03-10T15:59:07","modified_gmt":"2026-03-10T14:59:07","slug":"noz-culter","status":"publish","type":"product","link":"https:\/\/altosekura.com\/pl\/p\/noz-culter\/","title":{"rendered":"N\u00f3\u017c Culter"},"content":{"rendered":"<p>Niezawodny n\u00f3\u017c produkcji Singing Rock do codziennej ci\u0119\u017ckiej pracy, lub sytuacji awaryjnych, zawiera ostrze do przecinania ta\u015bmy i zbijak do szyb. Z\u0105bkowane ostrze o d\u0142ugo\u015bci 80 mm ze stali nierdzewnej 420 B. Uchwyt wykonany ze stali nierdzewnej i czerwonego w\u0142\u00f3kna G10. Otwierany przy u\u017cyciu palc\u00f3w jednej d\u0142oni, blokada otwartego ostrza. Ok\u0142adzina z G10 nie przewodzi pr\u0105du elektrycznego. Tworzywo G10 wykazuje doskona\u0142\u0105 stabilno\u015b\u0107 mechaniczn\u0105 i obj\u0119to\u015bciow\u0105, nie kurczy si\u0119, jest odporne na wysok\u0105 temperatur\u0119 (do 180\u00b0C). Kolor czerwony Materia\u0142: stal nierdzewna, tworzywo G10<\/p>\n","protected":false},"excerpt":{"rendered":"<p>Niezawodny n\u00f3\u017c produkcji Singing Rock do codziennej ci\u0119\u017ckiej pracy, lub sytuacji awaryjnych, zawiera ostrze do przecinania ta\u015bmy i zbijak do<\/p>\n","protected":false},"featured_media":490,"template":"","meta":[],"product_brand":[],"product_cat":[79],"product_tag":[],"class_list":{"0":"post-423","1":"product","2":"type-product","3":"status-publish","4":"has-post-thumbnail","6":"product_cat-akcesoria","7":"pa_kolor-czerwony","8":"pa_marka-singing-rock","10":"first","11":"instock","12":"taxable","13":"shipping-taxable","14":"purchasable","15":"product-type-simple"},"_links":{"self":[{"href":"https:\/\/altosekura.com\/pl\/wp-json\/wp\/v2\/product\/423","targetHints":{"allow":["GET"]}}],"collection":[{"href":"https:\/\/altosekura.com\/pl\/wp-json\/wp\/v2\/product"}],"about":[{"href":"https:\/\/altosekura.com\/pl\/wp-json\/wp\/v2\/types\/product"}],"wp:featuredmedia":[{"embeddable":true,"href":"https:\/\/altosekura.com\/pl\/wp-json\/wp\/v2\/media\/490"}],"wp:attachment":[{"href":"https:\/\/altosekura.com\/pl\/wp-json\/wp\/v2\/media?parent=423"}],"wp:term":[{"taxonomy":"product_brand","embeddable":true,"href":"https:\/\/altosekura.com\/pl\/wp-json\/wp\/v2\/product_brand?post=423"},{"taxonomy":"product_cat","embeddable":true,"href":"https:\/\/altosekura.com\/pl\/wp-json\/wp\/v2\/product_cat?post=423"},{"taxonomy":"product_tag","embeddable":true,"href":"https:\/\/altosekura.com\/pl\/wp-json\/wp\/v2\/product_tag?post=423"}],"curies":[{"name":"wp","href":"https:\/\/api.w.org\/{rel}","templated":true}]}}