{"id":421,"date":"2024-06-17T13:17:49","date_gmt":"2024-06-17T11:17:49","guid":{"rendered":"https:\/\/altosecura.proadax-dev.pl\/p\/jacob\/"},"modified":"2026-03-10T15:59:04","modified_gmt":"2026-03-10T14:59:04","slug":"jacob","status":"publish","type":"product","link":"https:\/\/altosekura.com\/pl\/p\/jacob\/","title":{"rendered":"Jacob"},"content":{"rendered":"<p>Niezwykle lekka, komfortowa, sze\u015bciostopniowa drabinka wykonana z ta\u015bmy\u00a0produkcji Singing Rock. P\u0119tle na stop\u0119 wy\u0142o\u017cone materia\u0142em zachowuj\u0105cym kszta\u0142t pod obci\u0105\u017ceniem. Maksymalne obci\u0105\u017cenie robocze: 500 kg Maksymalne obci\u0105\u017cenie jednej p\u0119tli: 100 kg<\/p>\n","protected":false},"excerpt":{"rendered":"<p>Niezwykle lekka, komfortowa, sze\u015bciostopniowa drabinka wykonana z ta\u015bmy\u00a0produkcji Singing Rock. P\u0119tle na stop\u0119 wy\u0142o\u017cone materia\u0142em zachowuj\u0105cym kszta\u0142t pod obci\u0105\u017ceniem. Maksymalne<\/p>\n","protected":false},"featured_media":364,"template":"","meta":[],"product_brand":[],"product_cat":[79],"product_tag":[],"class_list":{"0":"post-421","1":"product","2":"type-product","3":"status-publish","4":"has-post-thumbnail","6":"product_cat-akcesoria","7":"pa_marka-singing-rock","8":"pa_wytrzymalosc-5-kn","10":"first","11":"instock","12":"taxable","13":"shipping-taxable","14":"purchasable","15":"product-type-simple"},"_links":{"self":[{"href":"https:\/\/altosekura.com\/pl\/wp-json\/wp\/v2\/product\/421","targetHints":{"allow":["GET"]}}],"collection":[{"href":"https:\/\/altosekura.com\/pl\/wp-json\/wp\/v2\/product"}],"about":[{"href":"https:\/\/altosekura.com\/pl\/wp-json\/wp\/v2\/types\/product"}],"wp:featuredmedia":[{"embeddable":true,"href":"https:\/\/altosekura.com\/pl\/wp-json\/wp\/v2\/media\/364"}],"wp:attachment":[{"href":"https:\/\/altosekura.com\/pl\/wp-json\/wp\/v2\/media?parent=421"}],"wp:term":[{"taxonomy":"product_brand","embeddable":true,"href":"https:\/\/altosekura.com\/pl\/wp-json\/wp\/v2\/product_brand?post=421"},{"taxonomy":"product_cat","embeddable":true,"href":"https:\/\/altosekura.com\/pl\/wp-json\/wp\/v2\/product_cat?post=421"},{"taxonomy":"product_tag","embeddable":true,"href":"https:\/\/altosekura.com\/pl\/wp-json\/wp\/v2\/product_tag?post=421"}],"curies":[{"name":"wp","href":"https:\/\/api.w.org\/{rel}","templated":true}]}}