{"id":420,"date":"2024-06-19T13:17:49","date_gmt":"2024-06-19T11:17:49","guid":{"rendered":"https:\/\/altosecura.proadax-dev.pl\/p\/footer-ii-complete\/"},"modified":"2026-03-10T15:59:02","modified_gmt":"2026-03-10T14:59:02","slug":"footer-ii-complete","status":"publish","type":"product","link":"https:\/\/altosekura.com\/pl\/p\/footer-ii-complete\/","title":{"rendered":"Footer II Complete"},"content":{"rendered":"<p>Regulowana lekka i wytrzyma\u0142a p\u0119tla no\u017cna z karabinkiem maillon\u00a0produkcji Singing Rock.<\/p>\n","protected":false},"excerpt":{"rendered":"<p>Regulowana lekka i wytrzyma\u0142a p\u0119tla no\u017cna z karabinkiem maillon\u00a0produkcji Singing Rock.<\/p>\n","protected":false},"featured_media":362,"template":"","meta":[],"product_brand":[],"product_cat":[79],"product_tag":[],"class_list":{"0":"post-420","1":"product","2":"type-product","3":"status-publish","4":"has-post-thumbnail","6":"product_cat-akcesoria","7":"pa_marka-singing-rock","9":"first","10":"instock","11":"taxable","12":"shipping-taxable","13":"purchasable","14":"product-type-simple"},"_links":{"self":[{"href":"https:\/\/altosekura.com\/pl\/wp-json\/wp\/v2\/product\/420","targetHints":{"allow":["GET"]}}],"collection":[{"href":"https:\/\/altosekura.com\/pl\/wp-json\/wp\/v2\/product"}],"about":[{"href":"https:\/\/altosekura.com\/pl\/wp-json\/wp\/v2\/types\/product"}],"wp:featuredmedia":[{"embeddable":true,"href":"https:\/\/altosekura.com\/pl\/wp-json\/wp\/v2\/media\/362"}],"wp:attachment":[{"href":"https:\/\/altosekura.com\/pl\/wp-json\/wp\/v2\/media?parent=420"}],"wp:term":[{"taxonomy":"product_brand","embeddable":true,"href":"https:\/\/altosekura.com\/pl\/wp-json\/wp\/v2\/product_brand?post=420"},{"taxonomy":"product_cat","embeddable":true,"href":"https:\/\/altosekura.com\/pl\/wp-json\/wp\/v2\/product_cat?post=420"},{"taxonomy":"product_tag","embeddable":true,"href":"https:\/\/altosekura.com\/pl\/wp-json\/wp\/v2\/product_tag?post=420"}],"curies":[{"name":"wp","href":"https:\/\/api.w.org\/{rel}","templated":true}]}}