{"id":3263,"date":"2024-06-09T18:59:27","date_gmt":"2024-06-09T16:59:27","guid":{"rendered":"https:\/\/altosecura.proadax-dev.pl\/?post_type=product&#038;p=3263"},"modified":"2025-02-25T11:11:23","modified_gmt":"2025-02-25T10:11:23","slug":"ratownictwo-przez-krawedz","status":"publish","type":"product","link":"https:\/\/altosekura.com\/pl\/p\/ratownictwo-przez-krawedz\/","title":{"rendered":"Ratownictwo przez kraw\u0119d\u017a"},"content":{"rendered":"<p>VRAPP at Height umo\u017cliwia przeprowadzenie akcji ratowniczej za pomoc\u0105 urz\u0105dzenia do podnoszenia i automatycznego opuszczania na p\u0142askim dachu.<\/p>\n","protected":false},"excerpt":{"rendered":"<p>VRAPP at Height umo\u017cliwia przeprowadzenie akcji ratowniczej za pomoc\u0105 urz\u0105dzenia do podnoszenia i automatycznego opuszczania na p\u0142askim dachu.<\/p>\n","protected":false},"featured_media":3267,"template":"","meta":[],"product_brand":[],"product_cat":[24],"product_tag":[],"class_list":{"0":"post-3263","1":"product","2":"type-product","3":"status-publish","4":"has-post-thumbnail","6":"product_cat-scenariusze","7":"pa_nazwa-scenariusza-skrocona-krawedz","8":"pa_sceneria-dach","9":"pa_wersja-edukacyjna","10":"pa_wersja-podstawowa","12":"first","13":"instock","14":"taxable","15":"shipping-taxable","16":"purchasable","17":"product-type-variable","18":"has-default-attributes"},"_links":{"self":[{"href":"https:\/\/altosekura.com\/pl\/wp-json\/wp\/v2\/product\/3263","targetHints":{"allow":["GET"]}}],"collection":[{"href":"https:\/\/altosekura.com\/pl\/wp-json\/wp\/v2\/product"}],"about":[{"href":"https:\/\/altosekura.com\/pl\/wp-json\/wp\/v2\/types\/product"}],"wp:featuredmedia":[{"embeddable":true,"href":"https:\/\/altosekura.com\/pl\/wp-json\/wp\/v2\/media\/3267"}],"wp:attachment":[{"href":"https:\/\/altosekura.com\/pl\/wp-json\/wp\/v2\/media?parent=3263"}],"wp:term":[{"taxonomy":"product_brand","embeddable":true,"href":"https:\/\/altosekura.com\/pl\/wp-json\/wp\/v2\/product_brand?post=3263"},{"taxonomy":"product_cat","embeddable":true,"href":"https:\/\/altosekura.com\/pl\/wp-json\/wp\/v2\/product_cat?post=3263"},{"taxonomy":"product_tag","embeddable":true,"href":"https:\/\/altosekura.com\/pl\/wp-json\/wp\/v2\/product_tag?post=3263"}],"curies":[{"name":"wp","href":"https:\/\/api.w.org\/{rel}","templated":true}]}}