{"id":3255,"date":"2024-06-09T18:56:40","date_gmt":"2024-06-09T16:56:40","guid":{"rendered":"https:\/\/altosecura.proadax-dev.pl\/?post_type=product&#038;p=3255"},"modified":"2025-02-25T11:09:04","modified_gmt":"2025-02-25T10:09:04","slug":"ewakuacja-z-drabiny-z-klatka-bezpieczenstwa","status":"publish","type":"product","link":"https:\/\/altosekura.com\/pl\/p\/ewakuacja-z-drabiny-z-klatka-bezpieczenstwa\/","title":{"rendered":"Ewakuacja z drabiny z klatk\u0105 bezpiecze\u0144stwa"},"content":{"rendered":"<p>VRAPP at Height umo\u017cliwia przeprowadzenie \u0107wiczenia polegaj\u0105cego na uwolnieniu metod\u0105 przeciwwagi i opuszczeniu poszkodowanego uwi\u0119zionego na drabinie z klatk\u0105 bezpiecze\u0144stwa.<\/p>\n","protected":false},"excerpt":{"rendered":"<p>VRAPP at Height umo\u017cliwia przeprowadzenie \u0107wiczenia polegaj\u0105cego na uwolnieniu metod\u0105 przeciwwagi i opuszczeniu poszkodowanego uwi\u0119zionego na drabinie z klatk\u0105 bezpiecze\u0144stwa.<\/p>\n","protected":false},"featured_media":3259,"template":"","meta":[],"product_brand":[],"product_cat":[24],"product_tag":[],"class_list":{"0":"post-3255","1":"product","2":"type-product","3":"status-publish","4":"has-post-thumbnail","6":"product_cat-scenariusze","7":"pa_nazwa-scenariusza-skrocona-przeciwwaga","8":"pa_sceneria-poligon-szkoleniowy","9":"pa_wersja-edukacyjna","10":"pa_wersja-podstawowa","12":"first","13":"instock","14":"taxable","15":"shipping-taxable","16":"purchasable","17":"product-type-variable","18":"has-default-attributes"},"_links":{"self":[{"href":"https:\/\/altosekura.com\/pl\/wp-json\/wp\/v2\/product\/3255","targetHints":{"allow":["GET"]}}],"collection":[{"href":"https:\/\/altosekura.com\/pl\/wp-json\/wp\/v2\/product"}],"about":[{"href":"https:\/\/altosekura.com\/pl\/wp-json\/wp\/v2\/types\/product"}],"wp:featuredmedia":[{"embeddable":true,"href":"https:\/\/altosekura.com\/pl\/wp-json\/wp\/v2\/media\/3259"}],"wp:attachment":[{"href":"https:\/\/altosekura.com\/pl\/wp-json\/wp\/v2\/media?parent=3255"}],"wp:term":[{"taxonomy":"product_brand","embeddable":true,"href":"https:\/\/altosekura.com\/pl\/wp-json\/wp\/v2\/product_brand?post=3255"},{"taxonomy":"product_cat","embeddable":true,"href":"https:\/\/altosekura.com\/pl\/wp-json\/wp\/v2\/product_cat?post=3255"},{"taxonomy":"product_tag","embeddable":true,"href":"https:\/\/altosekura.com\/pl\/wp-json\/wp\/v2\/product_tag?post=3255"}],"curies":[{"name":"wp","href":"https:\/\/api.w.org\/{rel}","templated":true}]}}