{"id":3247,"date":"2024-06-09T18:52:09","date_gmt":"2024-06-09T16:52:09","guid":{"rendered":"https:\/\/altosecura.proadax-dev.pl\/?post_type=product&#038;p=3247"},"modified":"2025-02-25T11:11:23","modified_gmt":"2025-02-25T10:11:23","slug":"ratownictwo-metoda-opuszczania-za-pomoca-przyrzadu-zjazdowego","status":"publish","type":"product","link":"https:\/\/altosekura.com\/pl\/p\/ratownictwo-metoda-opuszczania-za-pomoca-przyrzadu-zjazdowego\/","title":{"rendered":"Ratownictwo metod\u0105 opuszczania za pomoc\u0105 przyrz\u0105du zjazdowego"},"content":{"rendered":"<p>VRAPP at Height umo\u017cliwia przeprowadzenie \u0107wiczenia polegaj\u0105cego na opuszczeniu poszkodowanego z zastosowaniem urz\u0105dzenia zjazdowego.<\/p>\n","protected":false},"excerpt":{"rendered":"<p>VRAPP at Height umo\u017cliwia przeprowadzenie \u0107wiczenia polegaj\u0105cego na opuszczeniu poszkodowanego z zastosowaniem urz\u0105dzenia zjazdowego.<\/p>\n","protected":false},"featured_media":3251,"template":"","meta":[],"product_brand":[],"product_cat":[24],"product_tag":[],"class_list":{"0":"post-3247","1":"product","2":"type-product","3":"status-publish","4":"has-post-thumbnail","6":"product_cat-scenariusze","7":"pa_nazwa-scenariusza-skrocona-opuszczanie","8":"pa_sceneria-poligon-szkoleniowy","9":"pa_wersja-edukacyjna","10":"pa_wersja-podstawowa","12":"first","13":"instock","14":"taxable","15":"shipping-taxable","16":"purchasable","17":"product-type-variable","18":"has-default-attributes"},"_links":{"self":[{"href":"https:\/\/altosekura.com\/pl\/wp-json\/wp\/v2\/product\/3247","targetHints":{"allow":["GET"]}}],"collection":[{"href":"https:\/\/altosekura.com\/pl\/wp-json\/wp\/v2\/product"}],"about":[{"href":"https:\/\/altosekura.com\/pl\/wp-json\/wp\/v2\/types\/product"}],"wp:featuredmedia":[{"embeddable":true,"href":"https:\/\/altosekura.com\/pl\/wp-json\/wp\/v2\/media\/3251"}],"wp:attachment":[{"href":"https:\/\/altosekura.com\/pl\/wp-json\/wp\/v2\/media?parent=3247"}],"wp:term":[{"taxonomy":"product_brand","embeddable":true,"href":"https:\/\/altosekura.com\/pl\/wp-json\/wp\/v2\/product_brand?post=3247"},{"taxonomy":"product_cat","embeddable":true,"href":"https:\/\/altosekura.com\/pl\/wp-json\/wp\/v2\/product_cat?post=3247"},{"taxonomy":"product_tag","embeddable":true,"href":"https:\/\/altosekura.com\/pl\/wp-json\/wp\/v2\/product_tag?post=3247"}],"curies":[{"name":"wp","href":"https:\/\/api.w.org\/{rel}","templated":true}]}}