{"id":3239,"date":"2024-06-09T18:44:49","date_gmt":"2024-06-09T16:44:49","guid":{"rendered":"https:\/\/altosecura.proadax-dev.pl\/?post_type=product&#038;p=3239"},"modified":"2025-02-25T11:13:52","modified_gmt":"2025-02-25T10:13:52","slug":"zasady-pozycjonowania","status":"publish","type":"product","link":"https:\/\/altosekura.com\/pl\/p\/zasady-pozycjonowania\/","title":{"rendered":"Zasady pozycjonowania"},"content":{"rendered":"<p>VRAPP at Height umo\u017cliwia przeprowadzenie \u0107wiczenia polegaj\u0105cego na zastosowaniu linki opasuj\u0105cej do budowy stanowiska roboczego.<\/p>\n","protected":false},"excerpt":{"rendered":"<p>VRAPP at Height umo\u017cliwia przeprowadzenie \u0107wiczenia polegaj\u0105cego na zastosowaniu linki opasuj\u0105cej do budowy stanowiska roboczego.<\/p>\n","protected":false},"featured_media":3244,"template":"","meta":[],"product_brand":[],"product_cat":[24],"product_tag":[],"class_list":{"0":"post-3239","1":"product","2":"type-product","3":"status-publish","4":"has-post-thumbnail","6":"product_cat-scenariusze","7":"pa_nazwa-scenariusza-skrocona-pozycjonowanie","8":"pa_sceneria-poligon-szkoleniowy","9":"pa_wersja-edukacyjna","10":"pa_wersja-podstawowa","12":"first","13":"instock","14":"taxable","15":"shipping-taxable","16":"purchasable","17":"product-type-variable","18":"has-default-attributes"},"_links":{"self":[{"href":"https:\/\/altosekura.com\/pl\/wp-json\/wp\/v2\/product\/3239","targetHints":{"allow":["GET"]}}],"collection":[{"href":"https:\/\/altosekura.com\/pl\/wp-json\/wp\/v2\/product"}],"about":[{"href":"https:\/\/altosekura.com\/pl\/wp-json\/wp\/v2\/types\/product"}],"wp:featuredmedia":[{"embeddable":true,"href":"https:\/\/altosekura.com\/pl\/wp-json\/wp\/v2\/media\/3244"}],"wp:attachment":[{"href":"https:\/\/altosekura.com\/pl\/wp-json\/wp\/v2\/media?parent=3239"}],"wp:term":[{"taxonomy":"product_brand","embeddable":true,"href":"https:\/\/altosekura.com\/pl\/wp-json\/wp\/v2\/product_brand?post=3239"},{"taxonomy":"product_cat","embeddable":true,"href":"https:\/\/altosekura.com\/pl\/wp-json\/wp\/v2\/product_cat?post=3239"},{"taxonomy":"product_tag","embeddable":true,"href":"https:\/\/altosekura.com\/pl\/wp-json\/wp\/v2\/product_tag?post=3239"}],"curies":[{"name":"wp","href":"https:\/\/api.w.org\/{rel}","templated":true}]}}