{"id":3231,"date":"2024-06-09T18:31:38","date_gmt":"2024-06-09T16:31:38","guid":{"rendered":"https:\/\/altosecura.proadax-dev.pl\/?post_type=product&#038;p=3231"},"modified":"2025-02-25T11:10:43","modified_gmt":"2025-02-25T10:10:43","slug":"praca-przy-krawedzi-z-pozioma-lina-asekuracyjna","status":"publish","type":"product","link":"https:\/\/altosekura.com\/pl\/p\/praca-przy-krawedzi-z-pozioma-lina-asekuracyjna\/","title":{"rendered":"Praca przy kraw\u0119dzi z poziom\u0105 lin\u0105 asekuracyjn\u0105"},"content":{"rendered":"<p>VRAPP at Height umo\u017cliwia przeprowadzenie \u0107wiczenia polegaj\u0105cego na zbudowaniu poziomego systemu kotwicz\u0105cego i zabezpieczeniu si\u0119 podczas pracy przy kraw\u0119dzi.<\/p>\n","protected":false},"excerpt":{"rendered":"<p>VRAPP at Height umo\u017cliwia przeprowadzenie \u0107wiczenia polegaj\u0105cego na zbudowaniu poziomego systemu kotwicz\u0105cego i zabezpieczeniu si\u0119 podczas pracy przy kraw\u0119dzi.<\/p>\n","protected":false},"featured_media":3236,"template":"","meta":[],"product_brand":[],"product_cat":[24],"product_tag":[],"class_list":{"0":"post-3231","1":"product","2":"type-product","3":"status-publish","4":"has-post-thumbnail","6":"product_cat-scenariusze","7":"pa_nazwa-scenariusza-skrocona-linia-zycia","8":"pa_sceneria-budowa","9":"pa_wersja-edukacyjna","10":"pa_wersja-ostrzegajaca","11":"pa_wersja-podstawowa","12":"pa_wersja-terapeutyczna","14":"first","15":"instock","16":"taxable","17":"shipping-taxable","18":"purchasable","19":"product-type-variable","20":"has-default-attributes"},"_links":{"self":[{"href":"https:\/\/altosekura.com\/pl\/wp-json\/wp\/v2\/product\/3231","targetHints":{"allow":["GET"]}}],"collection":[{"href":"https:\/\/altosekura.com\/pl\/wp-json\/wp\/v2\/product"}],"about":[{"href":"https:\/\/altosekura.com\/pl\/wp-json\/wp\/v2\/types\/product"}],"wp:featuredmedia":[{"embeddable":true,"href":"https:\/\/altosekura.com\/pl\/wp-json\/wp\/v2\/media\/3236"}],"wp:attachment":[{"href":"https:\/\/altosekura.com\/pl\/wp-json\/wp\/v2\/media?parent=3231"}],"wp:term":[{"taxonomy":"product_brand","embeddable":true,"href":"https:\/\/altosekura.com\/pl\/wp-json\/wp\/v2\/product_brand?post=3231"},{"taxonomy":"product_cat","embeddable":true,"href":"https:\/\/altosekura.com\/pl\/wp-json\/wp\/v2\/product_cat?post=3231"},{"taxonomy":"product_tag","embeddable":true,"href":"https:\/\/altosekura.com\/pl\/wp-json\/wp\/v2\/product_tag?post=3231"}],"curies":[{"name":"wp","href":"https:\/\/api.w.org\/{rel}","templated":true}]}}