{"id":3191,"date":"2024-06-09T18:05:49","date_gmt":"2024-06-09T16:05:49","guid":{"rendered":"https:\/\/altosecura.proadax-dev.pl\/?post_type=product&#038;p=3191"},"modified":"2025-02-25T11:10:43","modified_gmt":"2025-02-25T10:10:43","slug":"praca-w-podnosniku","status":"publish","type":"product","link":"https:\/\/altosekura.com\/pl\/p\/praca-w-podnosniku\/","title":{"rendered":"Praca w podno\u015bniku"},"content":{"rendered":"<p>VRAPP at Height umo\u017cliwia przeprowadzenie \u0107wiczenia polegaj\u0105cego na monta\u017cu punktu asekuracyjnego na wysoko\u015bci za pomoc\u0105 podno\u015bnika osobowego.<\/p>\n","protected":false},"excerpt":{"rendered":"<p>VRAPP at Height umo\u017cliwia przeprowadzenie \u0107wiczenia polegaj\u0105cego na monta\u017cu punktu asekuracyjnego na wysoko\u015bci za pomoc\u0105 podno\u015bnika osobowego.<\/p>\n","protected":false},"featured_media":7779,"template":"","meta":[],"product_brand":[],"product_cat":[24],"product_tag":[],"class_list":{"0":"post-3191","1":"product","2":"type-product","3":"status-publish","4":"has-post-thumbnail","6":"product_cat-scenariusze","7":"pa_nazwa-scenariusza-skrocona-podnosnik","8":"pa_sceneria-budowa","9":"pa_sceneria-magazyn","10":"pa_sceneria-slup-energetyczny","11":"pa_wersja-edukacyjna","12":"pa_wersja-egzaminacyjna","13":"pa_wersja-ostrzegajaca","14":"pa_wersja-podstawowa","15":"pa_wersja-terapeutyczna","17":"first","18":"instock","19":"taxable","20":"shipping-taxable","21":"purchasable","22":"product-type-variable"},"_links":{"self":[{"href":"https:\/\/altosekura.com\/pl\/wp-json\/wp\/v2\/product\/3191","targetHints":{"allow":["GET"]}}],"collection":[{"href":"https:\/\/altosekura.com\/pl\/wp-json\/wp\/v2\/product"}],"about":[{"href":"https:\/\/altosekura.com\/pl\/wp-json\/wp\/v2\/types\/product"}],"wp:featuredmedia":[{"embeddable":true,"href":"https:\/\/altosekura.com\/pl\/wp-json\/wp\/v2\/media\/7779"}],"wp:attachment":[{"href":"https:\/\/altosekura.com\/pl\/wp-json\/wp\/v2\/media?parent=3191"}],"wp:term":[{"taxonomy":"product_brand","embeddable":true,"href":"https:\/\/altosekura.com\/pl\/wp-json\/wp\/v2\/product_brand?post=3191"},{"taxonomy":"product_cat","embeddable":true,"href":"https:\/\/altosekura.com\/pl\/wp-json\/wp\/v2\/product_cat?post=3191"},{"taxonomy":"product_tag","embeddable":true,"href":"https:\/\/altosekura.com\/pl\/wp-json\/wp\/v2\/product_tag?post=3191"}],"curies":[{"name":"wp","href":"https:\/\/api.w.org\/{rel}","templated":true}]}}