{"id":3141,"date":"2024-06-09T11:31:04","date_gmt":"2024-06-09T09:31:04","guid":{"rendered":"https:\/\/altosecura.proadax-dev.pl\/?post_type=product&#038;p=3141"},"modified":"2026-03-10T15:59:07","modified_gmt":"2026-03-10T14:59:07","slug":"rp220sa","status":"publish","type":"product","link":"https:\/\/altosekura.com\/pl\/p\/rp220sa\/","title":{"rendered":"RP220SA"},"content":{"rendered":"<p>Przyrz\u0105d zaciskowy do podchodzenia po linie dla prawor\u0119cznych.<br \/>\nWykonany z litego i anodowanego aluminium, kt\u00f3re zapewnia maksymaln\u0105 wytrzyma\u0142o\u015b\u0107.<\/p>\n","protected":false},"excerpt":{"rendered":"<p>Przyrz\u0105d zaciskowy do podchodzenia po linie dla prawor\u0119cznych. Wykonany z litego i anodowanego aluminium, kt\u00f3re zapewnia maksymaln\u0105 wytrzyma\u0142o\u015b\u0107.<\/p>\n","protected":false},"featured_media":3744,"template":"","meta":[],"product_brand":[],"product_cat":[92,99],"product_tag":[],"class_list":{"0":"post-3141","1":"product","2":"type-product","3":"status-publish","4":"has-post-thumbnail","6":"product_cat-przyrzady-zaciskowe","7":"product_cat-wyprzedaz","8":"pa_marka-isc","9":"pa_norma-en-12841","10":"pa_norma-en-567","11":"pa_srednica-lin-mm-9-13","13":"first","14":"instock","15":"sale","16":"taxable","17":"shipping-taxable","18":"purchasable","19":"product-type-simple"},"_links":{"self":[{"href":"https:\/\/altosekura.com\/pl\/wp-json\/wp\/v2\/product\/3141","targetHints":{"allow":["GET"]}}],"collection":[{"href":"https:\/\/altosekura.com\/pl\/wp-json\/wp\/v2\/product"}],"about":[{"href":"https:\/\/altosekura.com\/pl\/wp-json\/wp\/v2\/types\/product"}],"wp:featuredmedia":[{"embeddable":true,"href":"https:\/\/altosekura.com\/pl\/wp-json\/wp\/v2\/media\/3744"}],"wp:attachment":[{"href":"https:\/\/altosekura.com\/pl\/wp-json\/wp\/v2\/media?parent=3141"}],"wp:term":[{"taxonomy":"product_brand","embeddable":true,"href":"https:\/\/altosekura.com\/pl\/wp-json\/wp\/v2\/product_brand?post=3141"},{"taxonomy":"product_cat","embeddable":true,"href":"https:\/\/altosekura.com\/pl\/wp-json\/wp\/v2\/product_cat?post=3141"},{"taxonomy":"product_tag","embeddable":true,"href":"https:\/\/altosekura.com\/pl\/wp-json\/wp\/v2\/product_tag?post=3141"}],"curies":[{"name":"wp","href":"https:\/\/api.w.org\/{rel}","templated":true}]}}