{"id":3137,"date":"2024-06-09T11:26:17","date_gmt":"2024-06-09T09:26:17","guid":{"rendered":"https:\/\/altosecura.proadax-dev.pl\/?post_type=product&#038;p=3137"},"modified":"2026-03-10T15:58:58","modified_gmt":"2026-03-10T14:58:58","slug":"rp-034","status":"publish","type":"product","link":"https:\/\/altosekura.com\/pl\/p\/rp-034\/","title":{"rendered":"RP 034"},"content":{"rendered":"<p>Bloczek pojedynczy aluminiowy do lin o \u015brednicy 10-13 mm.<\/p>\n<ul>\n<li>Minimalna si\u0142a zrywaj\u0105ca: 36 kN.<\/li>\n<li>Zgodno\u015b\u0107 z norm\u0105:\u00a0CE EN 12278<\/li>\n<\/ul>\n","protected":false},"excerpt":{"rendered":"<p>Bloczek pojedynczy aluminiowy do lin o \u015brednicy 10-13 mm. Minimalna si\u0142a zrywaj\u0105ca: 36 kN. Zgodno\u015b\u0107 z norm\u0105:\u00a0CE EN 12278<\/p>\n","protected":false},"featured_media":3805,"template":"","meta":[],"product_brand":[],"product_cat":[84,99],"product_tag":[],"class_list":{"0":"post-3137","1":"product","2":"type-product","3":"status-publish","4":"has-post-thumbnail","6":"product_cat-bloczki","7":"product_cat-wyprzedaz","8":"pa_kolor-czerwony","9":"pa_marka-isc","10":"pa_norma-ce-en-12278","11":"pa_srednica-lin-mm-10-13","13":"first","14":"instock","15":"sale","16":"taxable","17":"shipping-taxable","18":"purchasable","19":"product-type-simple"},"_links":{"self":[{"href":"https:\/\/altosekura.com\/pl\/wp-json\/wp\/v2\/product\/3137","targetHints":{"allow":["GET"]}}],"collection":[{"href":"https:\/\/altosekura.com\/pl\/wp-json\/wp\/v2\/product"}],"about":[{"href":"https:\/\/altosekura.com\/pl\/wp-json\/wp\/v2\/types\/product"}],"wp:featuredmedia":[{"embeddable":true,"href":"https:\/\/altosekura.com\/pl\/wp-json\/wp\/v2\/media\/3805"}],"wp:attachment":[{"href":"https:\/\/altosekura.com\/pl\/wp-json\/wp\/v2\/media?parent=3137"}],"wp:term":[{"taxonomy":"product_brand","embeddable":true,"href":"https:\/\/altosekura.com\/pl\/wp-json\/wp\/v2\/product_brand?post=3137"},{"taxonomy":"product_cat","embeddable":true,"href":"https:\/\/altosekura.com\/pl\/wp-json\/wp\/v2\/product_cat?post=3137"},{"taxonomy":"product_tag","embeddable":true,"href":"https:\/\/altosekura.com\/pl\/wp-json\/wp\/v2\/product_tag?post=3137"}],"curies":[{"name":"wp","href":"https:\/\/api.w.org\/{rel}","templated":true}]}}