{"id":3126,"date":"2024-06-09T11:04:01","date_gmt":"2024-06-09T09:04:01","guid":{"rendered":"https:\/\/altosecura.proadax-dev.pl\/?post_type=product&#038;p=3126"},"modified":"2026-03-10T15:59:11","modified_gmt":"2026-03-10T14:59:11","slug":"rp-203","status":"publish","type":"product","link":"https:\/\/altosekura.com\/pl\/p\/rp-203\/","title":{"rendered":"RP 203"},"content":{"rendered":"<p>Przyrz\u0105d samozaciskowy ma\u0142y nieotwierany z aluminium do lin o \u015brednicy:\u00a010,5 &#8211; 13 mm.<\/p>\n","protected":false},"excerpt":{"rendered":"<p>Przyrz\u0105d samozaciskowy ma\u0142y nieotwierany z aluminium do lin o \u015brednicy:\u00a010,5 &#8211; 13 mm.<\/p>\n","protected":false},"featured_media":3811,"template":"","meta":[],"product_brand":[],"product_cat":[92,99],"product_tag":[],"class_list":{"0":"post-3126","1":"product","2":"type-product","3":"status-publish","4":"has-post-thumbnail","6":"product_cat-przyrzady-zaciskowe","7":"product_cat-wyprzedaz","8":"pa_marka-isc","9":"pa_norma-ce-en-353-2","10":"pa_norma-ce-en358","11":"pa_norma-nfpa-2001","12":"pa_srednica-lin-mm-10-5-13-mm","14":"first","15":"instock","16":"taxable","17":"shipping-taxable","18":"purchasable","19":"product-type-simple"},"_links":{"self":[{"href":"https:\/\/altosekura.com\/pl\/wp-json\/wp\/v2\/product\/3126","targetHints":{"allow":["GET"]}}],"collection":[{"href":"https:\/\/altosekura.com\/pl\/wp-json\/wp\/v2\/product"}],"about":[{"href":"https:\/\/altosekura.com\/pl\/wp-json\/wp\/v2\/types\/product"}],"wp:featuredmedia":[{"embeddable":true,"href":"https:\/\/altosekura.com\/pl\/wp-json\/wp\/v2\/media\/3811"}],"wp:attachment":[{"href":"https:\/\/altosekura.com\/pl\/wp-json\/wp\/v2\/media?parent=3126"}],"wp:term":[{"taxonomy":"product_brand","embeddable":true,"href":"https:\/\/altosekura.com\/pl\/wp-json\/wp\/v2\/product_brand?post=3126"},{"taxonomy":"product_cat","embeddable":true,"href":"https:\/\/altosekura.com\/pl\/wp-json\/wp\/v2\/product_cat?post=3126"},{"taxonomy":"product_tag","embeddable":true,"href":"https:\/\/altosekura.com\/pl\/wp-json\/wp\/v2\/product_tag?post=3126"}],"curies":[{"name":"wp","href":"https:\/\/api.w.org\/{rel}","templated":true}]}}