{"id":3089,"date":"2024-06-22T19:41:55","date_gmt":"2024-06-22T17:41:55","guid":{"rendered":"https:\/\/altosecura.proadax-dev.pl\/?post_type=product&#038;p=3089"},"modified":"2026-04-18T12:05:20","modified_gmt":"2026-04-18T10:05:20","slug":"reactor-140-flex-y-155-cm-2xk353","status":"publish","type":"product","link":"https:\/\/altosekura.com\/pl\/p\/reactor-140-flex-y-155-cm-2xk353\/","title":{"rendered":"Reactor 140 FLEX &#8222;Y&#8221; 155 cm + 2xK353"},"content":{"rendered":"<p>Lon\u017ca Singing Rock Reactor 140 Flex Y 155CM wyr\u00f3\u017cnia si\u0119 nisk\u0105 wag\u0105 i wyprofilowanym kszta\u0142tem, kt\u00f3re zapewniaj\u0105 wi\u0119kszy komfort pracy.<\/p>\n<p>Lon\u017ca zabezpieczy Ci\u0119 przed upadkiem podczas pracy na wysoko\u015bciach. Przeznaczona jest dla os\u00f3b, kt\u00f3re wraz ze sprz\u0119tem wa\u017c\u0105 maksymalnie 140 kg. Dzi\u0119ki swojej konstrukcji nie ogranicza swobody ruch\u00f3w. Wyposa\u017cono j\u0105 w elastyczne ramiona w kszta\u0142cie litery \u201eY\u201d i znajduj\u0105ce si\u0119 na ich ko\u0144cach o-ringi z lekkiego stopu. Zale\u017cnie od charakteru wykonywanej czynno\u015bci, d\u0142ugo\u015b\u0107 ramion mo\u017cna skr\u00f3ci\u0107 o po\u0142ow\u0119. Absorber energii umieszczony jest w pokrowcu zapinanym na zamek b\u0142yskawiczny, a kontrol\u0119 jego stanu u\u0142atwia pomara\u0144czowy wska\u017anik aktywacji. Po rozerwaniu jego d\u0142ugo\u015b\u0107 wynosi 175 cm. Pokrowiec wykonany jest z czarnej gumy syntetycznej i materia\u0142u Cordura z pow\u0142ok\u0105 poliuretanow\u0105.<\/p>\n<p>Pami\u0119taj, \u017ce od lon\u017cy zale\u017cy Twoje bezpiecze\u0144stwo, nie nale\u017cy przed\u0142u\u017ca\u0107 jej dodatkowymi elementami. Przed ka\u017cdym u\u017cyciem sprawdzaj wszystkie po\u0142\u0105czenia i stan wska\u017anika aktywacji absorbera energii. Rozerwanie znacznie wp\u0142ywa na pierwotn\u0105 wytrzyma\u0142o\u015b\u0107 produktu, jest to sprz\u0119t praktycznie jednorazowy.<\/p>\n","protected":false},"excerpt":{"rendered":"<p>Lon\u017ca Singing Rock Reactor 140 Flex Y 155CM wyr\u00f3\u017cnia si\u0119 nisk\u0105 wag\u0105 i wyprofilowanym kszta\u0142tem, kt\u00f3re zapewniaj\u0105 wi\u0119kszy komfort pracy.<\/p>\n","protected":false},"featured_media":3093,"template":"","meta":[],"product_brand":[],"product_cat":[85],"product_tag":[],"class_list":{"0":"post-3089","1":"product","2":"type-product","3":"status-publish","4":"has-post-thumbnail","6":"product_cat-amortyzatory","7":"pa_marka-singing-rock","8":"pa_norma-ce-1019","9":"pa_norma-en-355","11":"first","12":"instock","13":"taxable","14":"shipping-taxable","15":"purchasable","16":"product-type-simple"},"_links":{"self":[{"href":"https:\/\/altosekura.com\/pl\/wp-json\/wp\/v2\/product\/3089","targetHints":{"allow":["GET"]}}],"collection":[{"href":"https:\/\/altosekura.com\/pl\/wp-json\/wp\/v2\/product"}],"about":[{"href":"https:\/\/altosekura.com\/pl\/wp-json\/wp\/v2\/types\/product"}],"wp:featuredmedia":[{"embeddable":true,"href":"https:\/\/altosekura.com\/pl\/wp-json\/wp\/v2\/media\/3093"}],"wp:attachment":[{"href":"https:\/\/altosekura.com\/pl\/wp-json\/wp\/v2\/media?parent=3089"}],"wp:term":[{"taxonomy":"product_brand","embeddable":true,"href":"https:\/\/altosekura.com\/pl\/wp-json\/wp\/v2\/product_brand?post=3089"},{"taxonomy":"product_cat","embeddable":true,"href":"https:\/\/altosekura.com\/pl\/wp-json\/wp\/v2\/product_cat?post=3089"},{"taxonomy":"product_tag","embeddable":true,"href":"https:\/\/altosekura.com\/pl\/wp-json\/wp\/v2\/product_tag?post=3089"}],"curies":[{"name":"wp","href":"https:\/\/api.w.org\/{rel}","templated":true}]}}