{"id":3085,"date":"2024-06-24T19:35:28","date_gmt":"2024-06-24T17:35:28","guid":{"rendered":"https:\/\/altosecura.proadax-dev.pl\/?post_type=product&#038;p=3085"},"modified":"2026-04-18T12:05:20","modified_gmt":"2026-04-18T10:05:20","slug":"reactor-140-flex-y-85-cm-2xk353","status":"publish","type":"product","link":"https:\/\/altosekura.com\/pl\/p\/reactor-140-flex-y-85-cm-2xk353\/","title":{"rendered":"Reactor 140 FLEX &#8222;Y&#8221; 85 cm + 2xK353"},"content":{"rendered":"<p>REACTOR 140 FLEX Y 2xK353 85 cm to lon\u017ca podw\u00f3jna typu Y z elastycznej ta\u015bmy dla u\u017cytkownik\u00f3w o maksymalnej wadze 140 kg (\u0142\u0105cznie z wyposa\u017ceniem), idealny do r\u00f3\u017cnych prac wysoko\u015bciowych.<\/p>\n<p>Poniewa\u017c ma nisk\u0105 wag\u0119 oraz owalny praktyczny kszta\u0142t, nie ogranicza u\u017cytkownikowi swobody pracy. Maksymalna d\u0142ugo\u015b\u0107 absorbera po rozerwaniu najwi\u0119kszym obci\u0105\u017ceniem wynosi 175 cm. Pokrowiec z materia\u0142u Cordura z pow\u0142ok\u0105 PU. Kontrol\u0119 stanu lon\u017cy REACTOR 140\u00a0u\u0142atwia zamek os\u0142ony oraz pomara\u0144czowy wska\u017anik aktywacji absorbera energii dla \u0142atwej i szybkiej kontroli stanu. Wska\u017anik jest prze\u0142o\u017cony przez p\u0119tle mocuj\u0105ce i wskazuje rzeczywiste uszkodzenie. To bardzo skuteczne rozwi\u0105zanie.<\/p>\n<p>Nale\u017cy pami\u0119ta\u0107: d\u0142ugo\u015b\u0107 u\u017cytkowa absorbera wraz z karabinkami i lon\u017cami nie mo\u017ce przekroczy\u0107 2 m.<\/p>\n<p>UWAGI DLA U\u017bYTKOWNIK\u00d3W<\/p>\n<p>Absorber energii to sprz\u0119t, kt\u00f3rego zadaniem jest niwelowanie skutk\u00f3w odpadni\u0119cia. Nie jest lon\u017c\u0105 pozycjonuj\u0105c\u0105, ani sprz\u0119tem do podwieszania. Nie nale\u017cy przed\u0142u\u017ca\u0107 lon\u017cy absorbera \u017cadnymi ta\u015bmami lub p\u0119tlami. Tylko zestawienia d\u0142ugo\u015bci oferowane przez producenta gwarantuj\u0105 bezpiecze\u0144stwo, praktycznie\u00a0 to sprz\u0119t jednorazowy. Po jego rozerwaniu, jego przydatno\u015b\u0107 zostaje zniwelowana. Poniewa\u017c to sprz\u0119t od kt\u00f3rego zale\u017cy nasze \u017cycie, traktujemy go szczeg\u00f3lnie. Koniecznie przed ka\u017cdym u\u017cyciem nale\u017cy sprawdzi\u0107 wzrokowo stan po\u0142\u0105cze\u0144 jak i wska\u017anika u\u017cycia.<\/p>\n","protected":false},"excerpt":{"rendered":"<p>REACTOR 140 FLEX Y 2xK353 85 cm to lon\u017ca podw\u00f3jna typu Y z elastycznej ta\u015bmy dla u\u017cytkownik\u00f3w o maksymalnej wadze<\/p>\n","protected":false},"featured_media":3086,"template":"","meta":[],"product_brand":[],"product_cat":[85],"product_tag":[],"class_list":{"0":"post-3085","1":"product","2":"type-product","3":"status-publish","4":"has-post-thumbnail","6":"product_cat-amortyzatory","7":"pa_marka-singing-rock","8":"pa_norma-ce-1019","9":"pa_norma-en-355","11":"first","12":"instock","13":"taxable","14":"shipping-taxable","15":"purchasable","16":"product-type-simple"},"_links":{"self":[{"href":"https:\/\/altosekura.com\/pl\/wp-json\/wp\/v2\/product\/3085","targetHints":{"allow":["GET"]}}],"collection":[{"href":"https:\/\/altosekura.com\/pl\/wp-json\/wp\/v2\/product"}],"about":[{"href":"https:\/\/altosekura.com\/pl\/wp-json\/wp\/v2\/types\/product"}],"wp:featuredmedia":[{"embeddable":true,"href":"https:\/\/altosekura.com\/pl\/wp-json\/wp\/v2\/media\/3086"}],"wp:attachment":[{"href":"https:\/\/altosekura.com\/pl\/wp-json\/wp\/v2\/media?parent=3085"}],"wp:term":[{"taxonomy":"product_brand","embeddable":true,"href":"https:\/\/altosekura.com\/pl\/wp-json\/wp\/v2\/product_brand?post=3085"},{"taxonomy":"product_cat","embeddable":true,"href":"https:\/\/altosekura.com\/pl\/wp-json\/wp\/v2\/product_cat?post=3085"},{"taxonomy":"product_tag","embeddable":true,"href":"https:\/\/altosekura.com\/pl\/wp-json\/wp\/v2\/product_tag?post=3085"}],"curies":[{"name":"wp","href":"https:\/\/api.w.org\/{rel}","templated":true}]}}