{"id":3080,"date":"2024-12-21T19:20:55","date_gmt":"2024-12-21T18:20:55","guid":{"rendered":"https:\/\/altosecura.proadax-dev.pl\/?post_type=product&#038;p=3080"},"modified":"2026-03-10T15:59:09","modified_gmt":"2026-03-10T14:59:09","slug":"reactor-140-flex-y-85","status":"publish","type":"product","link":"https:\/\/altosekura.com\/pl\/p\/reactor-140-flex-y-85\/","title":{"rendered":"Reactor 140 FLEX &#8222;Y&#8221; 85 cm"},"content":{"rendered":"<p>Lekka lon\u017ca zabezpieczaj\u0105ca przed upadkiem podczas pracy na dachach, kominach i wysokich konstrukcjach.<\/p>\n<p>Lon\u017ca Reactor 140 Flex Y 85 cm ma praktyczny kszta\u0142t i niewiele wa\u017cy, dzi\u0119ki czemu znacznie u\u0142atwi Ci prac\u0119, nie ograniczaj\u0105c swobody ruch\u00f3w. Ramiona w kszta\u0142cie litery \u201eY\u201d s\u0105 elastyczne, a dzi\u0119ki odpowiedniej konstrukcji z o-ringami z lekkiego stopu mo\u017cna skr\u00f3ci\u0107 je do po\u0142owy d\u0142ugo\u015bci. Model przeznaczony jest dla os\u00f3b o maksymalnej wadze do 140 kg, \u0142\u0105cznie ze sprz\u0119tem. Takie obci\u0105\u017cenie rozrywa absorber energii na d\u0142ugo\u015b\u0107 175 cm. Pokrowiec na absorber wyposa\u017cony jest w zamek b\u0142yskawiczny, kt\u00f3ry u\u0142atwia sprawdzenie jego stanu. Wykonano go z czarnej, syntetycznej gumy oraz materia\u0142u Cordura z poliuretanow\u0105 pow\u0142ok\u0105. Kontrola b\u0119dzie intuicyjna, dzi\u0119ki pomara\u0144czowemu wska\u017anikowi aktywacji.<\/p>\n<p>Pami\u0119taj, aby przed ka\u017cdym u\u017cyciem lon\u017cy sprawdzi\u0107 stan absorbera. Po rozerwaniu nie wykazuje on ju\u017c swoich w\u0142a\u015bciwo\u015bci, zawsze zwracaj wi\u0119c uwag\u0119 na wska\u017anik aktywacji. Przed rozpocz\u0119ciem pracy skontroluj r\u00f3wnie\u017c wszystkie po\u0142\u0105czenia i nie przed\u0142u\u017caj lon\u017cy dodatkowymi ta\u015bmami.<\/p>\n","protected":false},"excerpt":{"rendered":"<p>Lekka lon\u017ca zabezpieczaj\u0105ca przed upadkiem podczas pracy na dachach, kominach i wysokich konstrukcjach. Lon\u017ca Reactor 140 Flex Y 85 cm<\/p>\n","protected":false},"featured_media":3081,"template":"","meta":[],"product_brand":[],"product_cat":[85],"product_tag":[],"class_list":{"0":"post-3080","1":"product","2":"type-product","3":"status-publish","4":"has-post-thumbnail","6":"product_cat-amortyzatory","7":"pa_marka-singing-rock","8":"pa_norma-ce-1019","9":"pa_norma-en-355","11":"first","12":"instock","13":"sale","14":"taxable","15":"shipping-taxable","16":"purchasable","17":"product-type-simple"},"_links":{"self":[{"href":"https:\/\/altosekura.com\/pl\/wp-json\/wp\/v2\/product\/3080","targetHints":{"allow":["GET"]}}],"collection":[{"href":"https:\/\/altosekura.com\/pl\/wp-json\/wp\/v2\/product"}],"about":[{"href":"https:\/\/altosekura.com\/pl\/wp-json\/wp\/v2\/types\/product"}],"wp:featuredmedia":[{"embeddable":true,"href":"https:\/\/altosekura.com\/pl\/wp-json\/wp\/v2\/media\/3081"}],"wp:attachment":[{"href":"https:\/\/altosekura.com\/pl\/wp-json\/wp\/v2\/media?parent=3080"}],"wp:term":[{"taxonomy":"product_brand","embeddable":true,"href":"https:\/\/altosekura.com\/pl\/wp-json\/wp\/v2\/product_brand?post=3080"},{"taxonomy":"product_cat","embeddable":true,"href":"https:\/\/altosekura.com\/pl\/wp-json\/wp\/v2\/product_cat?post=3080"},{"taxonomy":"product_tag","embeddable":true,"href":"https:\/\/altosekura.com\/pl\/wp-json\/wp\/v2\/product_tag?post=3080"}],"curies":[{"name":"wp","href":"https:\/\/api.w.org\/{rel}","templated":true}]}}