{"id":2969,"date":"2024-06-30T17:23:44","date_gmt":"2024-06-30T15:23:44","guid":{"rendered":"https:\/\/altosecura.proadax-dev.pl\/?post_type=product&#038;p=2969"},"modified":"2026-03-19T08:33:14","modified_gmt":"2026-03-19T07:33:14","slug":"kask-superplasma-aq-work","status":"publish","type":"product","link":"https:\/\/altosekura.com\/pl\/p\/kask-superplasma-aq-work\/","title":{"rendered":"SUPERPLASMA AQ WORK"},"content":{"rendered":"<p>Kask Superplasma AQ jest stosowany do ochrony g\u0142owy przed urazami mechanicznymi podczas pracy na wysoko\u015bci. Jego najwi\u0119ksz\u0105 zalet\u0105 jest wysoki komfort noszenia oraz szeroki zakres dopasowania do g\u0142owy.<\/p>\n<p>Cechy:<br \/>\n&#8211; skorupa zewn\u0119trzna: PP polipropylen<br \/>\n&#8211; pow\u0142oka wewn\u0119trzna: HD polistyren<br \/>\n&#8211; mi\u0119kka opaska nylonowa PA Nylon<br \/>\n&#8211; maksymalny komfort<br \/>\n&#8211; tkanina wewn\u0119trzna wysycha bardzo szybko, odprowadza wilgo\u0107 na zewn\u0105trz pozostawiaj\u0105c przyjemne uczucie \u015bwie\u017co\u015bci<br \/>\n&#8211; wloty wentylacyjne wyposa\u017cone w kratki kt\u00f3re uniemo\u017cliwiaj\u0105 dost\u0119p zanieczyszcze\u0144 przy jednoczesnym zachowaniu oddychalno\u015bci<br \/>\n&#8211; 4-punktowy regulowany pasek podbr\u00f3dkowy z systemiem szybkiego odpinania<br \/>\n&#8211; mo\u017cliwo\u015b\u0107 zamontowania nausznik\u00f3w kompatybilnych z produktami firmy KASK<br \/>\n&#8211; uchyt na czo\u0142\u00f3wk\u0119<br \/>\n&#8211; system Up &amp; Down- innowacyjna i ekskluzywna technologia zapewnia precyzyjne i komfortowe dopasowanie wok\u00f3\u0142 szyi,<br \/>\npokr\u0119t\u0142o centralne i dwie boczne klapy pozwalaj\u0105 na szybkie dopasowanie kasku nie tylko w szeroko\u015bci, ale tak\u017ce wysoko\u015bci i nachylenia<br \/>\n&#8211; mo\u017cliwo\u015b\u0107 zamontowania wizjer\u00f3w firmy KASK<\/p>\n","protected":false},"excerpt":{"rendered":"<p>Kask Superplasma AQ jest stosowany do ochrony g\u0142owy przed urazami mechanicznymi podczas pracy na wysoko\u015bci. Jego najwi\u0119ksz\u0105 zalet\u0105 jest wysoki<\/p>\n","protected":false},"featured_media":3880,"template":"","meta":[],"product_brand":[],"product_cat":[81],"product_tag":[],"class_list":{"0":"post-2969","1":"product","2":"type-product","3":"status-publish","4":"has-post-thumbnail","6":"product_cat-kaski","7":"pa_kolor-bialy","8":"pa_kolor-czarny","9":"pa_kolor-czerwony","10":"pa_kolor-granatowy","11":"pa_kolor-pomaranczowy","12":"pa_kolor-zielony","13":"pa_kolor-zolty","14":"pa_marka-kask","15":"pa_norma-pn-en-397","17":"first","18":"instock","19":"taxable","20":"shipping-taxable","21":"purchasable","22":"product-type-variable"},"_links":{"self":[{"href":"https:\/\/altosekura.com\/pl\/wp-json\/wp\/v2\/product\/2969","targetHints":{"allow":["GET"]}}],"collection":[{"href":"https:\/\/altosekura.com\/pl\/wp-json\/wp\/v2\/product"}],"about":[{"href":"https:\/\/altosekura.com\/pl\/wp-json\/wp\/v2\/types\/product"}],"wp:featuredmedia":[{"embeddable":true,"href":"https:\/\/altosekura.com\/pl\/wp-json\/wp\/v2\/media\/3880"}],"wp:attachment":[{"href":"https:\/\/altosekura.com\/pl\/wp-json\/wp\/v2\/media?parent=2969"}],"wp:term":[{"taxonomy":"product_brand","embeddable":true,"href":"https:\/\/altosekura.com\/pl\/wp-json\/wp\/v2\/product_brand?post=2969"},{"taxonomy":"product_cat","embeddable":true,"href":"https:\/\/altosekura.com\/pl\/wp-json\/wp\/v2\/product_cat?post=2969"},{"taxonomy":"product_tag","embeddable":true,"href":"https:\/\/altosekura.com\/pl\/wp-json\/wp\/v2\/product_tag?post=2969"}],"curies":[{"name":"wp","href":"https:\/\/api.w.org\/{rel}","templated":true}]}}